{"id":1265,"date":"2024-04-06T16:23:43","date_gmt":"2024-04-06T14:23:43","guid":{"rendered":"https:\/\/feroza.hu\/?page_id=1265"},"modified":"2024-04-06T16:23:43","modified_gmt":"2024-04-06T14:23:43","slug":"a-vezerlo-komputer-ecu-labkiosztasa","status":"publish","type":"page","link":"https:\/\/feroza.hu\/?page_id=1265","title":{"rendered":"A vez\u00e9rl\u0151 komputer (ECU) l\u00e1bkioszt\u00e1sa"},"content":{"rendered":"<p>Sokszor felmer\u00fclt, hogy valami nem stimmel a vez\u00e9rl\u00e9ssel.<br \/>\nMell\u00e9kelek egy j\u00f3 kiindul\u00e1si alapot, hogy a t\u00f6bbnyire m\u00e1r megviselt aut\u00f3k szenzorai illetve k\u00e1belez\u00e9sei miatt bek\u00f6vetkez\u0151 hib\u00e1kat k\u00f6nnyebben ki lehessen sz\u0171rni.<br \/>\n\u00c9rv\u00e9nyes a 1.6L HD-E motorokhoz 1988-t\u00f3l 1995-ig (Feroza \/ Applause).<\/p>\n<p><a href=\"https:\/\/feroza.hu\/wp-content\/uploads\/2024\/04\/Daihatsu-Feroza-ECU-pinout.pdf\">Daihatsu Feroza ECU pinout<\/a><\/p>\n<p>&nbsp;<\/p>\n<p>&nbsp;<\/p>\n","protected":false},"excerpt":{"rendered":"<p>Sokszor felmer\u00fclt, hogy valami nem stimmel a vez\u00e9rl\u00e9ssel. Mell\u00e9kelek egy j\u00f3 kiindul\u00e1si alapot, hogy a t\u00f6bbnyire m\u00e1r megviselt aut\u00f3k szenzorai illetve k\u00e1belez\u00e9sei miatt bek\u00f6vetkez\u0151 hib\u00e1kat k\u00f6nnyebben ki lehessen sz\u0171rni. \u00c9rv\u00e9nyes a 1.6L HD-E motorokhoz 1988-t\u00f3l 1995-ig (Feroza \/ Applause). Daihatsu &hellip; <a href=\"https:\/\/feroza.hu\/?page_id=1265\">Egy kattint\u00e1s ide a folytat\u00e1shoz&#8230;. <span class=\"meta-nav\">&rarr;<\/span><\/a><\/p>\n","protected":false},"author":1,"featured_media":0,"parent":0,"menu_order":0,"comment_status":"closed","ping_status":"closed","template":"","meta":{"footnotes":""},"class_list":["post-1265","page","type-page","status-publish","hentry"],"yoast_head":"<!-- This site is optimized with the Yoast SEO plugin v27.6 - https:\/\/yoast.com\/product\/yoast-seo-wordpress\/ -->\n<title>Magyar Feroza domain<\/title>\n<meta name=\"description\" content=\"Daihatsu Feroza aut\u00f3 fel\u00faj\u00edt\u00e1s car t\u00edpus f\u00f3rum\" \/>\n<meta name=\"robots\" content=\"index, follow, max-snippet:-1, max-image-preview:large, max-video-preview:-1\" \/>\n<link rel=\"canonical\" href=\"https:\/\/feroza.hu\/?page_id=1265\" \/>\n<meta name=\"twitter:label1\" content=\"Becs\u00fclt olvas\u00e1si id\u0151\" \/>\n\t<meta name=\"twitter:data1\" content=\"1 perc\" \/>\n<script type=\"application\/ld+json\" class=\"yoast-schema-graph\">{\"@context\":\"https:\\\/\\\/schema.org\",\"@graph\":[{\"@type\":\"WebPage\",\"@id\":\"https:\\\/\\\/feroza.hu\\\/?page_id=1265\",\"url\":\"https:\\\/\\\/feroza.hu\\\/?page_id=1265\",\"name\":\"Magyar Feroza domain\",\"isPartOf\":{\"@id\":\"https:\\\/\\\/feroza.hu\\\/#website\"},\"datePublished\":\"2024-04-06T14:23:43+00:00\",\"description\":\"Daihatsu Feroza aut\u00f3 fel\u00faj\u00edt\u00e1s car t\u00edpus f\u00f3rum\",\"inLanguage\":\"hu\",\"potentialAction\":[{\"@type\":\"ReadAction\",\"target\":[\"https:\\\/\\\/feroza.hu\\\/?page_id=1265\"]}]},{\"@type\":\"WebSite\",\"@id\":\"https:\\\/\\\/feroza.hu\\\/#website\",\"url\":\"https:\\\/\\\/feroza.hu\\\/\",\"name\":\"feroza.hu\",\"description\":\"Daihatsu Feroza - egy kihal\u00f3ban l\u00e9v\u0151 aut\u00f3m\u00e1rka feledhetetlen modelje\",\"potentialAction\":[{\"@type\":\"SearchAction\",\"target\":{\"@type\":\"EntryPoint\",\"urlTemplate\":\"https:\\\/\\\/feroza.hu\\\/?s={search_term_string}\"},\"query-input\":{\"@type\":\"PropertyValueSpecification\",\"valueRequired\":true,\"valueName\":\"search_term_string\"}}],\"inLanguage\":\"hu\"}]}<\/script>\n<!-- \/ Yoast SEO plugin. -->","yoast_head_json":{"title":"Magyar Feroza domain","description":"Daihatsu Feroza aut\u00f3 fel\u00faj\u00edt\u00e1s car t\u00edpus f\u00f3rum","robots":{"index":"index","follow":"follow","max-snippet":"max-snippet:-1","max-image-preview":"max-image-preview:large","max-video-preview":"max-video-preview:-1"},"canonical":"https:\/\/feroza.hu\/?page_id=1265","twitter_misc":{"Becs\u00fclt olvas\u00e1si id\u0151":"1 perc"},"schema":{"@context":"https:\/\/schema.org","@graph":[{"@type":"WebPage","@id":"https:\/\/feroza.hu\/?page_id=1265","url":"https:\/\/feroza.hu\/?page_id=1265","name":"Magyar Feroza domain","isPartOf":{"@id":"https:\/\/feroza.hu\/#website"},"datePublished":"2024-04-06T14:23:43+00:00","description":"Daihatsu Feroza aut\u00f3 fel\u00faj\u00edt\u00e1s car t\u00edpus f\u00f3rum","inLanguage":"hu","potentialAction":[{"@type":"ReadAction","target":["https:\/\/feroza.hu\/?page_id=1265"]}]},{"@type":"WebSite","@id":"https:\/\/feroza.hu\/#website","url":"https:\/\/feroza.hu\/","name":"feroza.hu","description":"Daihatsu Feroza - egy kihal\u00f3ban l\u00e9v\u0151 aut\u00f3m\u00e1rka feledhetetlen modelje","potentialAction":[{"@type":"SearchAction","target":{"@type":"EntryPoint","urlTemplate":"https:\/\/feroza.hu\/?s={search_term_string}"},"query-input":{"@type":"PropertyValueSpecification","valueRequired":true,"valueName":"search_term_string"}}],"inLanguage":"hu"}]}},"_links":{"self":[{"href":"https:\/\/feroza.hu\/index.php?rest_route=\/wp\/v2\/pages\/1265","targetHints":{"allow":["GET"]}}],"collection":[{"href":"https:\/\/feroza.hu\/index.php?rest_route=\/wp\/v2\/pages"}],"about":[{"href":"https:\/\/feroza.hu\/index.php?rest_route=\/wp\/v2\/types\/page"}],"author":[{"embeddable":true,"href":"https:\/\/feroza.hu\/index.php?rest_route=\/wp\/v2\/users\/1"}],"replies":[{"embeddable":true,"href":"https:\/\/feroza.hu\/index.php?rest_route=%2Fwp%2Fv2%2Fcomments&post=1265"}],"version-history":[{"count":1,"href":"https:\/\/feroza.hu\/index.php?rest_route=\/wp\/v2\/pages\/1265\/revisions"}],"predecessor-version":[{"id":1267,"href":"https:\/\/feroza.hu\/index.php?rest_route=\/wp\/v2\/pages\/1265\/revisions\/1267"}],"wp:attachment":[{"href":"https:\/\/feroza.hu\/index.php?rest_route=%2Fwp%2Fv2%2Fmedia&parent=1265"}],"curies":[{"name":"wp","href":"https:\/\/api.w.org\/{rel}","templated":true}]}}