{"id":1274,"date":"2024-10-24T03:23:49","date_gmt":"2024-10-24T01:23:49","guid":{"rendered":"https:\/\/feroza.hu\/?page_id=1274"},"modified":"2025-05-13T18:37:24","modified_gmt":"2025-05-13T16:37:24","slug":"alapjarati-levegoutak","status":"publish","type":"page","link":"https:\/\/feroza.hu\/?page_id=1274","title":{"rendered":"Alapj\u00e1rati leveg\u0151utak"},"content":{"rendered":"<p>Ism\u00e9tl\u0151d\u0151en. m\u00e1r t\u00f6bbsz\u00f6r felmer\u00fclt a probl\u00e9ma, hogy mi okozhatja a magas alapj\u00e1ratot.<br \/>\nEbben a le\u00edr\u00e1sban ezt a t\u00e9mak\u00f6rt pr\u00f3b\u00e1lom k\u00f6rbej\u00e1rni.<\/p>\n<p>A motor egy v\u00e1kuumcs\u00f6vekkel vez\u00e9relt lapj\u00e1rati fordulatszab\u00e1lyz\u00f3 rendszerrel m\u0171k\u00f6dik.<br \/>\nAzaz, ha magas az alapj\u00e1rat, akkor valahol t\u00f6bb leveg\u0151t sz\u00edv be a motor.<\/p>\n<p>Els\u0151 k\u00f6rben \u00e9rdemes megn\u00e9zni a vez\u00e9rl\u00e9shez haszn\u00e1lt gumics\u00f6veket, hogy van e rajtuk reped\u00e9s, illetve a l\u00e9gsz\u0171r\u0151 cs\u00f6v\u00e9t lev\u00e9ve ellen\u0151rizni, hogy a pillang\u00f3szelep rendesen lez\u00e1r.<\/p>\n<p>A nagyobb terhel\u00e9sek miatt (h\u00e1ts\u00f3 sz\u00e9lv\u00e9d\u0151 f\u0171t\u0151sz\u00e1l, f\u00e9nysz\u00f3r\u00f3k, f\u0171t\u0151ventil\u00e1tor, stb.) \u00e9s hideg motor eset\u00e9n egy ker\u00fcl\u0151szelepet m\u0171k\u00f6dtetnek az ECU vez\u00e9rl\u00e9s\u00e9vel, ami kb. 100 fordulattal megemeli a mindenkori fordulatsz\u00e1mot (Idle up VSV).<\/p>\n<p><a href=\"https:\/\/feroza.hu\/wp-content\/uploads\/2024\/10\/Kepernyofoto-2024-10-24-3.19.50.jpg\"><img loading=\"lazy\" decoding=\"async\" class=\" wp-image-1282\" src=\"https:\/\/feroza.hu\/wp-content\/uploads\/2024\/10\/Kepernyofoto-2024-10-24-3.19.50-300x184.jpg\" alt=\"\" width=\"532\" height=\"335\" \/><\/a><\/p>\n<p><span style=\"color: #666666; font-family: Georgia, serif;\"><span style=\"caret-color: #666666; font-size: 12px;\">Az Idele up VSV elektromos vez\u00e9rl\u00e9se.<\/span><\/span><br \/>\nA csatlakoz\u00f3t leh\u00fazva ez z\u00e1rt \u00e1llapotba ker\u00fcl, \u00edgy picit cs\u00f6kken a fordulatsz\u00e1m (pl. a f\u0171t\u0151motor m\u0171k\u00f6dik). Ez az a kis egys\u00e9g, amibe k\u00e9t v\u00e1kuumcs\u0151 megy a v\u00e1kuumszenzor m\u00f6g\u00f6tt a motorh\u00e1z fels\u0151 r\u00e9sz\u00e9n (<a href=\"https:\/\/feroza.hu\/?page_id=673\">ld. szenzorok elhelyezked\u00e9se r\u00e9sz<\/a>).<\/p>\n<p><a href=\"https:\/\/feroza.hu\/wp-content\/uploads\/2024\/10\/Kepernyofoto-2024-10-24-2.14.20.jpg\"><img loading=\"lazy\" decoding=\"async\" class=\" wp-image-1275\" src=\"https:\/\/feroza.hu\/wp-content\/uploads\/2024\/10\/Kepernyofoto-2024-10-24-2.14.20-300x146.jpg\" alt=\"\" width=\"661\" height=\"328\" \/><\/a><\/p>\n<p>&nbsp;<\/p>\n<p>Az alapj\u00e1rati csavar egy sima leveg\u0151 ker\u00fcl\u0151\u00fat, aminek az elz\u00e1r\u00e1s\u00e1val elvileg a meleg motornak fulladnia kellene.<\/p>\n<p>A hideg motor miatti fordulatsz\u00e1m emelked\u00e9st pillang\u00f3szelep alj\u00e1n elhelyezked\u0151 kis egys\u00e9g int\u00e9zi. Itt k\u00e9t cs\u0151v\u00f6n kereszt\u0171l j\u00f6n \u00e9s t\u00e1vozik a h\u0151t\u0151v\u00edz a motor fel\u0151l a termoszt\u00e1t fel\u00e9. Mik\u00f6zben felmeleg\u00edt egy kis spir\u00e1lrug\u00f3t, ami a h\u0151 hat\u00e1s\u00e1ra megny\u00falik \u00e9s bez\u00e1r egy kis m\u0171anyag szelepet. Itt a h\u0171t\u0151v\u00edz miatti lerak\u00f3d\u00e1sok \u00e9s a kis szelep tud gondot okozni.<br \/>\nEllen\u0151rizni a kb. 70 fokra felmelegedett h\u0171t\u0151v\u00edzn\u00e9l lehet, a pillang\u00f3szelep elej\u00e9n a cs\u0151 alj\u00e1n l\u00e9v\u0151 ferde lyukon. Ujjunkat r\u00e1 helyezve, ha er\u0151s sz\u00edv\u00f3er\u0151t \u00e9rz\u00fcnk, akkor valami nem j\u00f3l m\u0171k\u00f6dik. (40 Celsius fok alatt ez norm\u00e1lis.)<\/p>\n<p><a href=\"https:\/\/feroza.hu\/wp-content\/uploads\/2024\/10\/Kepernyofoto-2024-10-24-2.14.40.jpg\"><img loading=\"lazy\" decoding=\"async\" class=\" wp-image-1276\" src=\"https:\/\/feroza.hu\/wp-content\/uploads\/2024\/10\/Kepernyofoto-2024-10-24-2.14.40-300x197.jpg\" alt=\"\" width=\"567\" height=\"379\" \/><\/a><\/p>\n<p><a href=\"https:\/\/feroza.hu\/wp-content\/uploads\/2024\/10\/IMG_6094.jpg\"><img loading=\"lazy\" decoding=\"async\" class=\"alignleft wp-image-1287\" src=\"https:\/\/feroza.hu\/wp-content\/uploads\/2024\/10\/IMG_6094-239x300.jpg\" alt=\"\" width=\"546\" height=\"683\" \/><\/a><\/p>\n<p>A \u00a0h\u0151elem a szeleppel, ami egy kis k\u00f6r alak\u00fa besajtolt f\u00e9mlemez m\u00f6g\u00f6tt helyezkedik el.<br \/>\nA h\u0171t\u0151v\u00edz a befoglal\u00f3 \u00fcreg k\u00f6r\u00fcl kialak\u00edtott r\u00e9szt meleg\u00edti.<\/p>\n<p>A sz\u00e9tszed\u00e9s ut\u00e1n a konkr\u00e9t esetben egy kis flexibilis gy\u0171r\u00fct tettem a becsavarhat\u00f3 korona \u00e9s a h\u0151elem mozgatta dugatty\u00fa k\u00f6z\u00e9, \u00edgy m\u00e1r rendesen lez\u00e1rt 70 fok k\u00f6r\u00fcl, \u00edgy nem engedett \u00e1t leveg\u0151t.<br \/>\nA pillang\u00f3szelep -folyt\u00f3szelep- h\u00e1za a sz\u00edv\u00f3csonkhoz eredetileg egy kis pap\u00edr alap\u00fa t\u00f6m\u00edt\u0151vel illeszkedik. Ez egy nehez beszerezhet\u0151 alkatr\u00e9sz, \u00edgy <a href=\"https:\/\/www.printables.com\/model\/1110084-daihatsu-feroza-throttle-valve-gasket\" target=\"_blank\" rel=\"noopener\">rajzoltam egyet, amit 3D nyomtat\u00e1s seg\u00edts\u00e9g\u00e9vel nyomtattam ki<\/a>, rugalmas (TPU) anyagb\u00f3l<a href=\"https:\/\/www.printables.com\/model\/1110084-daihatsu-feroza-throttle-valve-gasket\">.<\/a><\/p>\n<p>Friss\u00edt\u00e9s:<br \/>\nMint kider\u00fclt, az alapj\u00e1rati ker\u00fcl\u0151szelep h\u0171t\u0151v\u00edzrendszer\u00e9vel is volt probl\u00e9ma.<br \/>\nSzerintem ez is gyakran el\u0151fordulhat a r\u00e9gebbi motorokn\u00e1l. \u00c9rdekes m\u00f3don a pillang\u00f3szelephez vezet\u0151 cs\u00f6vekben volt v\u00edz, s\u0151t nyom\u00e1s is, de mint kider\u00fclt annyira el volt v\u00edzk\u00f6vesedve a cs\u0151csonk \u00e9s a a sz\u00edv\u00f3sor kis ny\u00edl\u00e1sa, hogy nem nagyon keringett v\u00edz ebben a r\u00e9szben. Ez okozhatta, hogy nem tudott felmelegedni az a kis szelep, ami elz\u00e1rja a leveg\u0151 \u00fatj\u00e1t meleg motorn\u00e1l.<br \/>\nA k\u00e9peken l\u00e1tszik is milyen apr\u00f3 lyukakr\u00f3l van sz\u00f3.<\/p>\n<p><a href=\"https:\/\/feroza.hu\/wp-content\/uploads\/2025\/05\/IMG_6120-rotated.jpg\"><img loading=\"lazy\" decoding=\"async\" class=\"alignleft wp-image-1310\" src=\"https:\/\/feroza.hu\/wp-content\/uploads\/2025\/05\/IMG_6120-225x300.jpg\" alt=\"\" width=\"397\" height=\"523\" \/><\/a><\/p>\n<p><a href=\"https:\/\/feroza.hu\/wp-content\/uploads\/2025\/05\/IMG_6121-rotated.jpg\"><img loading=\"lazy\" decoding=\"async\" class=\"alignleft wp-image-1311\" src=\"https:\/\/feroza.hu\/wp-content\/uploads\/2025\/05\/IMG_6121-225x300.jpg\" alt=\"\" width=\"393\" height=\"517\" \/><\/a><\/p>\n","protected":false},"excerpt":{"rendered":"<p>Ism\u00e9tl\u0151d\u0151en. m\u00e1r t\u00f6bbsz\u00f6r felmer\u00fclt a probl\u00e9ma, hogy mi okozhatja a magas alapj\u00e1ratot. Ebben a le\u00edr\u00e1sban ezt a t\u00e9mak\u00f6rt pr\u00f3b\u00e1lom k\u00f6rbej\u00e1rni. A motor egy v\u00e1kuumcs\u00f6vekkel vez\u00e9relt lapj\u00e1rati fordulatszab\u00e1lyz\u00f3 rendszerrel m\u0171k\u00f6dik. Azaz, ha magas az alapj\u00e1rat, akkor valahol t\u00f6bb leveg\u0151t sz\u00edv be &hellip; <a href=\"https:\/\/feroza.hu\/?page_id=1274\">Egy kattint\u00e1s ide a folytat\u00e1shoz&#8230;. <span class=\"meta-nav\">&rarr;<\/span><\/a><\/p>\n","protected":false},"author":1,"featured_media":0,"parent":0,"menu_order":0,"comment_status":"closed","ping_status":"closed","template":"","meta":{"footnotes":""},"class_list":["post-1274","page","type-page","status-publish","hentry"],"yoast_head":"<!-- This site is optimized with the Yoast SEO plugin v27.4 - https:\/\/yoast.com\/product\/yoast-seo-wordpress\/ -->\n<title>Magyar Feroza domain<\/title>\n<meta name=\"description\" content=\"Daihatsu Feroza aut\u00f3 fel\u00faj\u00edt\u00e1s car t\u00edpus f\u00f3rum\" \/>\n<meta name=\"robots\" content=\"index, follow, max-snippet:-1, max-image-preview:large, max-video-preview:-1\" \/>\n<link rel=\"canonical\" href=\"https:\/\/feroza.hu\/?page_id=1274\" \/>\n<meta name=\"twitter:label1\" content=\"Becs\u00fclt olvas\u00e1si id\u0151\" \/>\n\t<meta name=\"twitter:data1\" content=\"4 perc\" \/>\n<script type=\"application\/ld+json\" class=\"yoast-schema-graph\">{\"@context\":\"https:\\\/\\\/schema.org\",\"@graph\":[{\"@type\":\"WebPage\",\"@id\":\"https:\\\/\\\/feroza.hu\\\/?page_id=1274\",\"url\":\"https:\\\/\\\/feroza.hu\\\/?page_id=1274\",\"name\":\"Magyar Feroza domain\",\"isPartOf\":{\"@id\":\"https:\\\/\\\/feroza.hu\\\/#website\"},\"primaryImageOfPage\":{\"@id\":\"https:\\\/\\\/feroza.hu\\\/?page_id=1274#primaryimage\"},\"image\":{\"@id\":\"https:\\\/\\\/feroza.hu\\\/?page_id=1274#primaryimage\"},\"thumbnailUrl\":\"https:\\\/\\\/feroza.hu\\\/wp-content\\\/uploads\\\/2024\\\/10\\\/Kepernyofoto-2024-10-24-3.19.50-300x184.jpg\",\"datePublished\":\"2024-10-24T01:23:49+00:00\",\"dateModified\":\"2025-05-13T16:37:24+00:00\",\"description\":\"Daihatsu Feroza aut\u00f3 fel\u00faj\u00edt\u00e1s car t\u00edpus f\u00f3rum\",\"inLanguage\":\"hu\",\"potentialAction\":[{\"@type\":\"ReadAction\",\"target\":[\"https:\\\/\\\/feroza.hu\\\/?page_id=1274\"]}]},{\"@type\":\"ImageObject\",\"inLanguage\":\"hu\",\"@id\":\"https:\\\/\\\/feroza.hu\\\/?page_id=1274#primaryimage\",\"url\":\"https:\\\/\\\/feroza.hu\\\/wp-content\\\/uploads\\\/2024\\\/10\\\/Kepernyofoto-2024-10-24-3.19.50.jpg\",\"contentUrl\":\"https:\\\/\\\/feroza.hu\\\/wp-content\\\/uploads\\\/2024\\\/10\\\/Kepernyofoto-2024-10-24-3.19.50.jpg\",\"width\":1334,\"height\":816,\"caption\":\"Screenshot\"},{\"@type\":\"WebSite\",\"@id\":\"https:\\\/\\\/feroza.hu\\\/#website\",\"url\":\"https:\\\/\\\/feroza.hu\\\/\",\"name\":\"feroza.hu\",\"description\":\"Daihatsu Feroza - egy kihal\u00f3ban l\u00e9v\u0151 aut\u00f3m\u00e1rka feledhetetlen modelje\",\"potentialAction\":[{\"@type\":\"SearchAction\",\"target\":{\"@type\":\"EntryPoint\",\"urlTemplate\":\"https:\\\/\\\/feroza.hu\\\/?s={search_term_string}\"},\"query-input\":{\"@type\":\"PropertyValueSpecification\",\"valueRequired\":true,\"valueName\":\"search_term_string\"}}],\"inLanguage\":\"hu\"}]}<\/script>\n<!-- \/ Yoast SEO plugin. -->","yoast_head_json":{"title":"Magyar Feroza domain","description":"Daihatsu Feroza aut\u00f3 fel\u00faj\u00edt\u00e1s car t\u00edpus f\u00f3rum","robots":{"index":"index","follow":"follow","max-snippet":"max-snippet:-1","max-image-preview":"max-image-preview:large","max-video-preview":"max-video-preview:-1"},"canonical":"https:\/\/feroza.hu\/?page_id=1274","twitter_misc":{"Becs\u00fclt olvas\u00e1si id\u0151":"4 perc"},"schema":{"@context":"https:\/\/schema.org","@graph":[{"@type":"WebPage","@id":"https:\/\/feroza.hu\/?page_id=1274","url":"https:\/\/feroza.hu\/?page_id=1274","name":"Magyar Feroza domain","isPartOf":{"@id":"https:\/\/feroza.hu\/#website"},"primaryImageOfPage":{"@id":"https:\/\/feroza.hu\/?page_id=1274#primaryimage"},"image":{"@id":"https:\/\/feroza.hu\/?page_id=1274#primaryimage"},"thumbnailUrl":"https:\/\/feroza.hu\/wp-content\/uploads\/2024\/10\/Kepernyofoto-2024-10-24-3.19.50-300x184.jpg","datePublished":"2024-10-24T01:23:49+00:00","dateModified":"2025-05-13T16:37:24+00:00","description":"Daihatsu Feroza aut\u00f3 fel\u00faj\u00edt\u00e1s car t\u00edpus f\u00f3rum","inLanguage":"hu","potentialAction":[{"@type":"ReadAction","target":["https:\/\/feroza.hu\/?page_id=1274"]}]},{"@type":"ImageObject","inLanguage":"hu","@id":"https:\/\/feroza.hu\/?page_id=1274#primaryimage","url":"https:\/\/feroza.hu\/wp-content\/uploads\/2024\/10\/Kepernyofoto-2024-10-24-3.19.50.jpg","contentUrl":"https:\/\/feroza.hu\/wp-content\/uploads\/2024\/10\/Kepernyofoto-2024-10-24-3.19.50.jpg","width":1334,"height":816,"caption":"Screenshot"},{"@type":"WebSite","@id":"https:\/\/feroza.hu\/#website","url":"https:\/\/feroza.hu\/","name":"feroza.hu","description":"Daihatsu Feroza - egy kihal\u00f3ban l\u00e9v\u0151 aut\u00f3m\u00e1rka feledhetetlen modelje","potentialAction":[{"@type":"SearchAction","target":{"@type":"EntryPoint","urlTemplate":"https:\/\/feroza.hu\/?s={search_term_string}"},"query-input":{"@type":"PropertyValueSpecification","valueRequired":true,"valueName":"search_term_string"}}],"inLanguage":"hu"}]}},"_links":{"self":[{"href":"https:\/\/feroza.hu\/index.php?rest_route=\/wp\/v2\/pages\/1274","targetHints":{"allow":["GET"]}}],"collection":[{"href":"https:\/\/feroza.hu\/index.php?rest_route=\/wp\/v2\/pages"}],"about":[{"href":"https:\/\/feroza.hu\/index.php?rest_route=\/wp\/v2\/types\/page"}],"author":[{"embeddable":true,"href":"https:\/\/feroza.hu\/index.php?rest_route=\/wp\/v2\/users\/1"}],"replies":[{"embeddable":true,"href":"https:\/\/feroza.hu\/index.php?rest_route=%2Fwp%2Fv2%2Fcomments&post=1274"}],"version-history":[{"count":14,"href":"https:\/\/feroza.hu\/index.php?rest_route=\/wp\/v2\/pages\/1274\/revisions"}],"predecessor-version":[{"id":1314,"href":"https:\/\/feroza.hu\/index.php?rest_route=\/wp\/v2\/pages\/1274\/revisions\/1314"}],"wp:attachment":[{"href":"https:\/\/feroza.hu\/index.php?rest_route=%2Fwp%2Fv2%2Fmedia&parent=1274"}],"curies":[{"name":"wp","href":"https:\/\/api.w.org\/{rel}","templated":true}]}}