{"id":1324,"date":"2025-07-23T03:44:12","date_gmt":"2025-07-23T01:44:12","guid":{"rendered":"https:\/\/feroza.hu\/?page_id=1324"},"modified":"2025-07-23T03:52:32","modified_gmt":"2025-07-23T01:52:32","slug":"a-cmu-vezerlokomputer-hibakodjainak-lekerdezese","status":"publish","type":"page","link":"https:\/\/feroza.hu\/?page_id=1324","title":{"rendered":"A vez\u00e9rl\u0151komputer hibak\u00f3djainak lek\u00e9rdez\u00e9se"},"content":{"rendered":"<p>M\u00e1r t\u00f6bbsz\u00f6r felmer\u00fclt k\u00e9rd\u00e9s, hogyan lehetne gyorsan megtudni minden \u00e9rz\u00e9kel\u0151 megfelel\u0151 \u00e1llapotban van e az aut\u00f3ban. F\u0151leg, ha kigyullad a motorhibajelz\u0151, de gyakran csak melegen nem indul a j\u00e1rm\u0171 vagy csak egyenetlen az alapj\u00e1rat, stb.Az aut\u00f3 tervez\u00e9sekor m\u00e9g nem volt ODB szabv\u00e1ny, az elektronikusan vez\u00e9relt befecskendez\u00e9s is akkor kezdett elterjedni. Ez\u00e9rt a Daihatsu m\u00e9rn\u00f6kei egyszer\u0171 megold\u00e1st tal\u00e1lt\u00e1k ki, hogy lek\u00e9rdezhet\u0151v\u00e9 v\u00e1ljanak a CMU-ban t\u00e1rolt hib\u00e1k. A motort\u00e9rben r\u00f6vidre z\u00e1rva egy teszt csatlakoz\u00f3n k\u00e9t t\u00fcsk\u00e9t, a m\u0171szerfalon a motorhibajelz\u0151 lemorz\u00e9zza mi a baj. A teljes le\u00edr\u00e1s a szerv\u00edzk\u00f6nyvben az EF-EFI r\u00e9sz alatt olvashat\u00f3.<\/p>\n<p>Az akkumul\u00e1torn\u00e1l a karossz\u00e9ria mellett van egy kis z\u00f6ld csatlakoz\u00f3, amit felfel\u00e9 \u00f3vatosan le lehet h\u00fazni a konzolj\u00e1r\u00f3l.<br \/>\n<a href=\"https:\/\/feroza.hu\/wp-content\/uploads\/2025\/07\/IMG_6899-masolat-2.jpg\"><img loading=\"lazy\" decoding=\"async\" class=\"alignleft wp-image-1322\" src=\"https:\/\/feroza.hu\/wp-content\/uploads\/2025\/07\/IMG_6899-masolat-2-272x300.jpg\" alt=\"A CMU tesztcsatlakoz\u00f3ja\" width=\"404\" height=\"444\" \/><\/a><\/p>\n<p>&nbsp;<\/p>\n<p>&nbsp;<\/p>\n<p>&nbsp;<\/p>\n<p>&nbsp;<\/p>\n<p>&nbsp;<\/p>\n<p>&nbsp;<\/p>\n<p>&nbsp;<\/p>\n<p>&nbsp;<\/p>\n<p>&nbsp;<\/p>\n<p>&nbsp;<\/p>\n<p>A csatlakoz\u00f3 kupakj\u00e1t egy kis csavarh\u00faz\u00f3 seg\u00edts\u00e9g\u00e9vel elt\u00e1vol\u00edtva l\u00e1that\u00f3v\u00e1 v\u00e1lnak a t\u00fcsk\u00e9k.<\/p>\n<p><a href=\"https:\/\/feroza.hu\/wp-content\/uploads\/2025\/07\/IMG_6900-masolat-2.jpg\"><img loading=\"lazy\" decoding=\"async\" class=\"alignleft wp-image-1321\" src=\"https:\/\/feroza.hu\/wp-content\/uploads\/2025\/07\/IMG_6900-masolat-2-243x300.jpg\" alt=\"A kupak elt\u00e1vol\u00edt\u00e1sa\" width=\"404\" height=\"494\" \/><\/a><\/p>\n<p>&nbsp;<\/p>\n<p>&nbsp;<\/p>\n<p>&nbsp;<\/p>\n<p>&nbsp;<\/p>\n<p>&nbsp;<\/p>\n<p>&nbsp;<\/p>\n<p>&nbsp;<\/p>\n<p>Az al\u00e1bbi k\u00e9pen l\u00e1that\u00f3 k\u00e9t t\u00fcsk\u00e9t r\u00f6vidre z\u00e1rva egy alkalmas eszk\u00f6zzel (vagy kis seg\u00edts\u00e9ggel), majd gy\u00fajt\u00e1sra kapcsolva a kulccsal a m\u0171szerfal motorhibajelz\u0151je villogni kezd (a motor nem j\u00e1r, minden elektronikus dolog ki van kapcsolva \u00e9s az akkufesz\u00fclts\u00e9gnek legal\u00e1bb 11V felett kell, hogy legyen).<br \/>\n<a href=\"https:\/\/feroza.hu\/wp-content\/uploads\/2025\/07\/IMG_6901-masolat-2.jpg\"><img loading=\"lazy\" decoding=\"async\" class=\"alignleft size-medium wp-image-1320\" src=\"https:\/\/feroza.hu\/wp-content\/uploads\/2025\/07\/IMG_6901-masolat-2-300x220.jpg\" alt=\"CMU konnektor r\u00f6vidz\u00e1rja\" width=\"300\" height=\"220\" srcset=\"https:\/\/feroza.hu\/wp-content\/uploads\/2025\/07\/IMG_6901-masolat-2-300x220.jpg 300w, https:\/\/feroza.hu\/wp-content\/uploads\/2025\/07\/IMG_6901-masolat-2-768x563.jpg 768w, https:\/\/feroza.hu\/wp-content\/uploads\/2025\/07\/IMG_6901-masolat-2-410x300.jpg 410w, https:\/\/feroza.hu\/wp-content\/uploads\/2025\/07\/IMG_6901-masolat-2.jpg 800w\" sizes=\"auto, (max-width: 300px) 100vw, 300px\" \/><\/a><\/p>\n<p>&nbsp;<\/p>\n<p>&nbsp;<\/p>\n<p>&nbsp;<\/p>\n<p>&nbsp;<\/p>\n<p>&nbsp;<\/p>\n<div id=\"attachment_1329\" style=\"width: 278px\" class=\"wp-caption alignleft\"><a href=\"https:\/\/feroza.hu\/wp-content\/uploads\/2025\/07\/Kepernyofoto-2025-07-23-3.23.08.jpg\"><img loading=\"lazy\" decoding=\"async\" aria-describedby=\"caption-attachment-1329\" class=\" wp-image-1329\" src=\"https:\/\/feroza.hu\/wp-content\/uploads\/2025\/07\/Kepernyofoto-2025-07-23-3.23.08-221x300.jpg\" alt=\"\" width=\"268\" height=\"358\" \/><\/a><p id=\"caption-attachment-1329\" class=\"wp-caption-text\">Screenshot<\/p><\/div>\n<p>A hibajelz\u00e9s egym\u00e1s ut\u00e1n minden t\u00e1rolt hib\u00e1t kijelez.<br \/>\nAz akkusarut p\u00e1r percre elt\u00e1vol\u00edtva, a hibajelz\u00e9sek t\u00f6r\u00f6lhet\u0151ek.<\/p>\n<p>Norm\u00e1l, hibamentes esetben egy f\u00e9l m\u00e1sodperces felvillan\u00e1s ut\u00e1n n\u00e9gy \u00e9s f\u00e9l m\u00e1sodperces sz\u00fcnet j\u00f6n, majd ism\u00e9tl\u0151dik a jelz\u00e9s.<br \/>\nA felvillan\u00e1sok sz\u00e1ma fogja megadni a probl\u00e9ma hely\u00e9t.<\/p>\n<div id=\"attachment_1330\" style=\"width: 310px\" class=\"wp-caption alignleft\"><a href=\"https:\/\/feroza.hu\/wp-content\/uploads\/2025\/07\/Kepernyofoto-2025-07-23-3.25.00.jpg\"><img loading=\"lazy\" decoding=\"async\" aria-describedby=\"caption-attachment-1330\" class=\"size-medium wp-image-1330\" src=\"https:\/\/feroza.hu\/wp-content\/uploads\/2025\/07\/Kepernyofoto-2025-07-23-3.25.00-300x195.jpg\" alt=\"\" width=\"300\" height=\"195\" srcset=\"https:\/\/feroza.hu\/wp-content\/uploads\/2025\/07\/Kepernyofoto-2025-07-23-3.25.00-300x195.jpg 300w, https:\/\/feroza.hu\/wp-content\/uploads\/2025\/07\/Kepernyofoto-2025-07-23-3.25.00-462x300.jpg 462w, https:\/\/feroza.hu\/wp-content\/uploads\/2025\/07\/Kepernyofoto-2025-07-23-3.25.00.jpg 520w\" sizes=\"auto, (max-width: 300px) 100vw, 300px\" \/><\/a><p id=\"caption-attachment-1330\" class=\"wp-caption-text\">Norm\u00e1l, hibamentes jelz\u00e9s<\/p><\/div>\n<p>&nbsp;<\/p>\n<p>&nbsp;<\/p>\n<p>&nbsp;<\/p>\n<p>&nbsp;<\/p>\n<p>&nbsp;<\/p>\n<p>&nbsp;<\/p>\n<p>Amennyiben t\u00f6bb hib\u00e1t t\u00e1rolt a rendszer, akkor az egyik hibak\u00f3d ut\u00e1n egy\u00a0k\u00e9t \u00e9s f\u00e9l m\u00e1sodperces sz\u00fcnet ut\u00e1n k\u00f6vetkezik a k\u00f6vetkez\u0151, majd a 4,5 m\u00e1sodperces sz\u00fcnet ut\u00e1n kezdi el\u00f6lr\u0151l a jelz\u00e9seket.<\/p>\n<p>Az egyes k\u00f3dok \u00e9rtelmez\u00e9s\u00e9hez az al\u00e1bbi t\u00e1bl\u00e1zat ad seg\u00edts\u00e9get.<br \/>\nA k\u00e9pre kattintva olvashat\u00f3bb, nagy\u00edthat\u00f3 a dokumentum.<a href=\"https:\/\/feroza.hu\/wp-content\/uploads\/2025\/07\/CMU-hibakodok.jpg\"><img loading=\"lazy\" decoding=\"async\" class=\"alignleft wp-image-1336\" src=\"https:\/\/feroza.hu\/wp-content\/uploads\/2025\/07\/CMU-hibakodok-248x300.jpg\" alt=\"CMU hibk\u00f3dok\" width=\"361\" height=\"435\" \/><\/a><\/p>\n","protected":false},"excerpt":{"rendered":"<p>M\u00e1r t\u00f6bbsz\u00f6r felmer\u00fclt k\u00e9rd\u00e9s, hogyan lehetne gyorsan megtudni minden \u00e9rz\u00e9kel\u0151 megfelel\u0151 \u00e1llapotban van e az aut\u00f3ban. F\u0151leg, ha kigyullad a motorhibajelz\u0151, de gyakran csak melegen nem indul a j\u00e1rm\u0171 vagy csak egyenetlen az alapj\u00e1rat, stb.Az aut\u00f3 tervez\u00e9sekor m\u00e9g nem volt &hellip; <a href=\"https:\/\/feroza.hu\/?page_id=1324\">Egy kattint\u00e1s ide a folytat\u00e1shoz&#8230;. <span class=\"meta-nav\">&rarr;<\/span><\/a><\/p>\n","protected":false},"author":1,"featured_media":0,"parent":0,"menu_order":0,"comment_status":"closed","ping_status":"closed","template":"","meta":{"footnotes":""},"class_list":["post-1324","page","type-page","status-publish","hentry"],"yoast_head":"<!-- This site is optimized with the Yoast SEO plugin v27.4 - https:\/\/yoast.com\/product\/yoast-seo-wordpress\/ -->\n<title>Magyar Feroza domain<\/title>\n<meta name=\"description\" content=\"Daihatsu Feroza aut\u00f3 fel\u00faj\u00edt\u00e1s car t\u00edpus f\u00f3rum\" \/>\n<meta name=\"robots\" content=\"index, follow, max-snippet:-1, max-image-preview:large, max-video-preview:-1\" \/>\n<link rel=\"canonical\" href=\"https:\/\/feroza.hu\/?page_id=1324\" \/>\n<meta name=\"twitter:label1\" content=\"Becs\u00fclt olvas\u00e1si id\u0151\" \/>\n\t<meta name=\"twitter:data1\" content=\"3 perc\" \/>\n<script type=\"application\/ld+json\" class=\"yoast-schema-graph\">{\"@context\":\"https:\\\/\\\/schema.org\",\"@graph\":[{\"@type\":\"WebPage\",\"@id\":\"https:\\\/\\\/feroza.hu\\\/?page_id=1324\",\"url\":\"https:\\\/\\\/feroza.hu\\\/?page_id=1324\",\"name\":\"Magyar Feroza domain\",\"isPartOf\":{\"@id\":\"https:\\\/\\\/feroza.hu\\\/#website\"},\"primaryImageOfPage\":{\"@id\":\"https:\\\/\\\/feroza.hu\\\/?page_id=1324#primaryimage\"},\"image\":{\"@id\":\"https:\\\/\\\/feroza.hu\\\/?page_id=1324#primaryimage\"},\"thumbnailUrl\":\"https:\\\/\\\/feroza.hu\\\/wp-content\\\/uploads\\\/2025\\\/07\\\/IMG_6899-masolat-2-272x300.jpg\",\"datePublished\":\"2025-07-23T01:44:12+00:00\",\"dateModified\":\"2025-07-23T01:52:32+00:00\",\"description\":\"Daihatsu Feroza aut\u00f3 fel\u00faj\u00edt\u00e1s car t\u00edpus f\u00f3rum\",\"inLanguage\":\"hu\",\"potentialAction\":[{\"@type\":\"ReadAction\",\"target\":[\"https:\\\/\\\/feroza.hu\\\/?page_id=1324\"]}]},{\"@type\":\"ImageObject\",\"inLanguage\":\"hu\",\"@id\":\"https:\\\/\\\/feroza.hu\\\/?page_id=1324#primaryimage\",\"url\":\"https:\\\/\\\/feroza.hu\\\/wp-content\\\/uploads\\\/2025\\\/07\\\/IMG_6899-masolat-2.jpg\",\"contentUrl\":\"https:\\\/\\\/feroza.hu\\\/wp-content\\\/uploads\\\/2025\\\/07\\\/IMG_6899-masolat-2.jpg\",\"width\":724,\"height\":800,\"caption\":\"A CMU tesztcsatlakoz\u00f3ja\"},{\"@type\":\"WebSite\",\"@id\":\"https:\\\/\\\/feroza.hu\\\/#website\",\"url\":\"https:\\\/\\\/feroza.hu\\\/\",\"name\":\"feroza.hu\",\"description\":\"Daihatsu Feroza - egy kihal\u00f3ban l\u00e9v\u0151 aut\u00f3m\u00e1rka feledhetetlen modelje\",\"potentialAction\":[{\"@type\":\"SearchAction\",\"target\":{\"@type\":\"EntryPoint\",\"urlTemplate\":\"https:\\\/\\\/feroza.hu\\\/?s={search_term_string}\"},\"query-input\":{\"@type\":\"PropertyValueSpecification\",\"valueRequired\":true,\"valueName\":\"search_term_string\"}}],\"inLanguage\":\"hu\"}]}<\/script>\n<!-- \/ Yoast SEO plugin. -->","yoast_head_json":{"title":"Magyar Feroza domain","description":"Daihatsu Feroza aut\u00f3 fel\u00faj\u00edt\u00e1s car t\u00edpus f\u00f3rum","robots":{"index":"index","follow":"follow","max-snippet":"max-snippet:-1","max-image-preview":"max-image-preview:large","max-video-preview":"max-video-preview:-1"},"canonical":"https:\/\/feroza.hu\/?page_id=1324","twitter_misc":{"Becs\u00fclt olvas\u00e1si id\u0151":"3 perc"},"schema":{"@context":"https:\/\/schema.org","@graph":[{"@type":"WebPage","@id":"https:\/\/feroza.hu\/?page_id=1324","url":"https:\/\/feroza.hu\/?page_id=1324","name":"Magyar Feroza domain","isPartOf":{"@id":"https:\/\/feroza.hu\/#website"},"primaryImageOfPage":{"@id":"https:\/\/feroza.hu\/?page_id=1324#primaryimage"},"image":{"@id":"https:\/\/feroza.hu\/?page_id=1324#primaryimage"},"thumbnailUrl":"https:\/\/feroza.hu\/wp-content\/uploads\/2025\/07\/IMG_6899-masolat-2-272x300.jpg","datePublished":"2025-07-23T01:44:12+00:00","dateModified":"2025-07-23T01:52:32+00:00","description":"Daihatsu Feroza aut\u00f3 fel\u00faj\u00edt\u00e1s car t\u00edpus f\u00f3rum","inLanguage":"hu","potentialAction":[{"@type":"ReadAction","target":["https:\/\/feroza.hu\/?page_id=1324"]}]},{"@type":"ImageObject","inLanguage":"hu","@id":"https:\/\/feroza.hu\/?page_id=1324#primaryimage","url":"https:\/\/feroza.hu\/wp-content\/uploads\/2025\/07\/IMG_6899-masolat-2.jpg","contentUrl":"https:\/\/feroza.hu\/wp-content\/uploads\/2025\/07\/IMG_6899-masolat-2.jpg","width":724,"height":800,"caption":"A CMU tesztcsatlakoz\u00f3ja"},{"@type":"WebSite","@id":"https:\/\/feroza.hu\/#website","url":"https:\/\/feroza.hu\/","name":"feroza.hu","description":"Daihatsu Feroza - egy kihal\u00f3ban l\u00e9v\u0151 aut\u00f3m\u00e1rka feledhetetlen modelje","potentialAction":[{"@type":"SearchAction","target":{"@type":"EntryPoint","urlTemplate":"https:\/\/feroza.hu\/?s={search_term_string}"},"query-input":{"@type":"PropertyValueSpecification","valueRequired":true,"valueName":"search_term_string"}}],"inLanguage":"hu"}]}},"_links":{"self":[{"href":"https:\/\/feroza.hu\/index.php?rest_route=\/wp\/v2\/pages\/1324","targetHints":{"allow":["GET"]}}],"collection":[{"href":"https:\/\/feroza.hu\/index.php?rest_route=\/wp\/v2\/pages"}],"about":[{"href":"https:\/\/feroza.hu\/index.php?rest_route=\/wp\/v2\/types\/page"}],"author":[{"embeddable":true,"href":"https:\/\/feroza.hu\/index.php?rest_route=\/wp\/v2\/users\/1"}],"replies":[{"embeddable":true,"href":"https:\/\/feroza.hu\/index.php?rest_route=%2Fwp%2Fv2%2Fcomments&post=1324"}],"version-history":[{"count":9,"href":"https:\/\/feroza.hu\/index.php?rest_route=\/wp\/v2\/pages\/1324\/revisions"}],"predecessor-version":[{"id":1341,"href":"https:\/\/feroza.hu\/index.php?rest_route=\/wp\/v2\/pages\/1324\/revisions\/1341"}],"wp:attachment":[{"href":"https:\/\/feroza.hu\/index.php?rest_route=%2Fwp%2Fv2%2Fmedia&parent=1324"}],"curies":[{"name":"wp","href":"https:\/\/api.w.org\/{rel}","templated":true}]}}