{"id":133,"date":"2013-01-02T03:19:27","date_gmt":"2013-01-02T02:19:27","guid":{"rendered":"http:\/\/feroza.hu\/feroza_hu\/?page_id=133"},"modified":"2018-09-05T12:18:28","modified_gmt":"2018-09-05T10:18:28","slug":"patentszemek-a-ponyva-rogzitesehez","status":"publish","type":"page","link":"https:\/\/feroza.hu\/?page_id=133","title":{"rendered":"Patentszemek a ponyva r\u00f6gz\u00edt\u00e9s\u00e9hez"},"content":{"rendered":"<p>A\u00a0ponyvatet\u0151\u00a0alj\u00e1t a karossz\u00e9ria oldal\u00e1ba \u00e9s a h\u00e1ts\u00f3 ajt\u00f3 fels\u0151 r\u00e9sz\u00e9hez 14 darab pici, a karossz\u00e9ri\u00e1ba csavarhat\u00f3 patentszem r\u00f6gz\u00edti. Az alapanyaga s\u00e1rgar\u00e9z \u00e9s egy szoros l\u00e1gy\u00a0alum\u00ednium\u00a0al\u00e1t\u00e9t van a menetes r\u00e9sz v\u00e9g\u00e9n.<\/p>\n<p><a href=\"http:\/\/feroza.hu\/wp-content\/uploads\/2013\/01\/DSCN0564b.jpg\"><img loading=\"lazy\" decoding=\"async\" class=\"aligncenter wp-image-300 size-full\" src=\"https:\/\/feroza.hu\/wp-content\/uploads\/2013\/01\/DSCN0564b.jpg\" alt=\"DSCN0564b\" width=\"637\" height=\"451\" srcset=\"https:\/\/feroza.hu\/wp-content\/uploads\/2013\/01\/DSCN0564b.jpg 637w, https:\/\/feroza.hu\/wp-content\/uploads\/2013\/01\/DSCN0564b-300x212.jpg 300w, https:\/\/feroza.hu\/wp-content\/uploads\/2013\/01\/DSCN0564b-423x300.jpg 423w\" sizes=\"auto, (max-width: 637px) 100vw, 637px\" \/><\/a><\/p>\n<p>A heveny\u00e9szett m\u00e9retez\u00e9sen rem\u00e9lem minden fontos adatot felt\u00fcntettem. Elvileg \u00edgy legy\u00e1rthat\u00f3 valahol a dolog.<\/p>\n<p>A dolog felszerel\u00e9s\u00e9hez kell 6 db s\u00fcllyesztett csavar a karossz\u00e9ria oldal\u00e1ba fel\u00fclr\u0151l. K\u00e9t csavar a vastag keret fels\u0151 r\u00e9sz\u00e9t r\u00f6gz\u00edti a fels\u0151 \u00e1thidal\u00f3hoz. Ezek nagy fekete gombokkal vannak ell\u00e1tva a k\u00f6nny\u0171 k\u00e9zi csavaroz\u00e1s \u00e9rdek\u00e9ben. (A hardtop fels\u0151 n\u00e9gy csavarja helyett a k\u00e9t sz\u00e9ls\u0151be.) Ezek tulajdonk\u00e9pen a t\u00e9li tet\u0151 ablakr\u00f6gz\u00edt\u0151 csavarjai.em\u00e9lem minden fontos adatot felt\u00fcntettem.<\/p>\n<p><a href=\"http:\/\/feroza.hu\/wp-content\/uploads\/2013\/01\/shapeimage_5.png\"><img loading=\"lazy\" decoding=\"async\" class=\"alignnone wp-image-302 size-full\" src=\"https:\/\/feroza.hu\/wp-content\/uploads\/2013\/01\/shapeimage_5.png\" alt=\"shapeimage_5\" width=\"148\" height=\"107\" \/><\/a> <a href=\"http:\/\/feroza.hu\/wp-content\/uploads\/2013\/01\/DSCN0563-filtered.jpg\"><img loading=\"lazy\" decoding=\"async\" class=\"alignnone wp-image-303 size-full\" src=\"https:\/\/feroza.hu\/wp-content\/uploads\/2013\/01\/DSCN0563-filtered.jpg\" alt=\"DSCN0563-filtered\" width=\"138\" height=\"108\" \/><\/a><\/p>\n<p>Daihatsu rendel\u00e9si sz\u00e1m :\u00a0 65921-87604-000 vagy\u00a0 65921-87607-000\u00a0 (HOOK, MALE\u00a0 65.55 Tarpaulin F300..TP)<\/p>\n<p>&nbsp;<\/p>\n","protected":false},"excerpt":{"rendered":"<p>A\u00a0ponyvatet\u0151\u00a0alj\u00e1t a karossz\u00e9ria oldal\u00e1ba \u00e9s a h\u00e1ts\u00f3 ajt\u00f3 fels\u0151 r\u00e9sz\u00e9hez 14 darab pici, a karossz\u00e9ri\u00e1ba csavarhat\u00f3 patentszem r\u00f6gz\u00edti. Az alapanyaga s\u00e1rgar\u00e9z \u00e9s egy szoros l\u00e1gy\u00a0alum\u00ednium\u00a0al\u00e1t\u00e9t van a menetes r\u00e9sz v\u00e9g\u00e9n. A heveny\u00e9szett m\u00e9retez\u00e9sen rem\u00e9lem minden fontos adatot felt\u00fcntettem. Elvileg \u00edgy &hellip; <a href=\"https:\/\/feroza.hu\/?page_id=133\">Egy kattint\u00e1s ide a folytat\u00e1shoz&#8230;. <span class=\"meta-nav\">&rarr;<\/span><\/a><\/p>\n","protected":false},"author":1,"featured_media":0,"parent":0,"menu_order":0,"comment_status":"closed","ping_status":"closed","template":"","meta":{"footnotes":""},"class_list":["post-133","page","type-page","status-publish","hentry"],"yoast_head":"<!-- This site is optimized with the Yoast SEO plugin v27.6 - https:\/\/yoast.com\/product\/yoast-seo-wordpress\/ -->\n<title>Magyar Feroza domain<\/title>\n<meta name=\"description\" content=\"Daihatsu Feroza aut\u00f3 fel\u00faj\u00edt\u00e1s car t\u00edpus f\u00f3rum\" \/>\n<meta name=\"robots\" content=\"index, follow, max-snippet:-1, max-image-preview:large, max-video-preview:-1\" \/>\n<link rel=\"canonical\" href=\"https:\/\/feroza.hu\/?page_id=133\" \/>\n<meta name=\"twitter:label1\" content=\"Becs\u00fclt olvas\u00e1si id\u0151\" \/>\n\t<meta name=\"twitter:data1\" content=\"1 perc\" \/>\n<script type=\"application\/ld+json\" class=\"yoast-schema-graph\">{\"@context\":\"https:\\\/\\\/schema.org\",\"@graph\":[{\"@type\":\"WebPage\",\"@id\":\"https:\\\/\\\/feroza.hu\\\/?page_id=133\",\"url\":\"https:\\\/\\\/feroza.hu\\\/?page_id=133\",\"name\":\"Magyar Feroza domain\",\"isPartOf\":{\"@id\":\"https:\\\/\\\/feroza.hu\\\/#website\"},\"primaryImageOfPage\":{\"@id\":\"https:\\\/\\\/feroza.hu\\\/?page_id=133#primaryimage\"},\"image\":{\"@id\":\"https:\\\/\\\/feroza.hu\\\/?page_id=133#primaryimage\"},\"thumbnailUrl\":\"https:\\\/\\\/feroza.hu\\\/wp-content\\\/uploads\\\/2013\\\/01\\\/DSCN0564b.jpg\",\"datePublished\":\"2013-01-02T02:19:27+00:00\",\"dateModified\":\"2018-09-05T10:18:28+00:00\",\"description\":\"Daihatsu Feroza aut\u00f3 fel\u00faj\u00edt\u00e1s car t\u00edpus f\u00f3rum\",\"inLanguage\":\"hu\",\"potentialAction\":[{\"@type\":\"ReadAction\",\"target\":[\"https:\\\/\\\/feroza.hu\\\/?page_id=133\"]}]},{\"@type\":\"ImageObject\",\"inLanguage\":\"hu\",\"@id\":\"https:\\\/\\\/feroza.hu\\\/?page_id=133#primaryimage\",\"url\":\"https:\\\/\\\/feroza.hu\\\/wp-content\\\/uploads\\\/2013\\\/01\\\/DSCN0564b.jpg\",\"contentUrl\":\"https:\\\/\\\/feroza.hu\\\/wp-content\\\/uploads\\\/2013\\\/01\\\/DSCN0564b.jpg\"},{\"@type\":\"WebSite\",\"@id\":\"https:\\\/\\\/feroza.hu\\\/#website\",\"url\":\"https:\\\/\\\/feroza.hu\\\/\",\"name\":\"feroza.hu\",\"description\":\"Daihatsu Feroza - egy kihal\u00f3ban l\u00e9v\u0151 aut\u00f3m\u00e1rka feledhetetlen modelje\",\"potentialAction\":[{\"@type\":\"SearchAction\",\"target\":{\"@type\":\"EntryPoint\",\"urlTemplate\":\"https:\\\/\\\/feroza.hu\\\/?s={search_term_string}\"},\"query-input\":{\"@type\":\"PropertyValueSpecification\",\"valueRequired\":true,\"valueName\":\"search_term_string\"}}],\"inLanguage\":\"hu\"}]}<\/script>\n<!-- \/ Yoast SEO plugin. -->","yoast_head_json":{"title":"Magyar Feroza domain","description":"Daihatsu Feroza aut\u00f3 fel\u00faj\u00edt\u00e1s car t\u00edpus f\u00f3rum","robots":{"index":"index","follow":"follow","max-snippet":"max-snippet:-1","max-image-preview":"max-image-preview:large","max-video-preview":"max-video-preview:-1"},"canonical":"https:\/\/feroza.hu\/?page_id=133","twitter_misc":{"Becs\u00fclt olvas\u00e1si id\u0151":"1 perc"},"schema":{"@context":"https:\/\/schema.org","@graph":[{"@type":"WebPage","@id":"https:\/\/feroza.hu\/?page_id=133","url":"https:\/\/feroza.hu\/?page_id=133","name":"Magyar Feroza domain","isPartOf":{"@id":"https:\/\/feroza.hu\/#website"},"primaryImageOfPage":{"@id":"https:\/\/feroza.hu\/?page_id=133#primaryimage"},"image":{"@id":"https:\/\/feroza.hu\/?page_id=133#primaryimage"},"thumbnailUrl":"https:\/\/feroza.hu\/wp-content\/uploads\/2013\/01\/DSCN0564b.jpg","datePublished":"2013-01-02T02:19:27+00:00","dateModified":"2018-09-05T10:18:28+00:00","description":"Daihatsu Feroza aut\u00f3 fel\u00faj\u00edt\u00e1s car t\u00edpus f\u00f3rum","inLanguage":"hu","potentialAction":[{"@type":"ReadAction","target":["https:\/\/feroza.hu\/?page_id=133"]}]},{"@type":"ImageObject","inLanguage":"hu","@id":"https:\/\/feroza.hu\/?page_id=133#primaryimage","url":"https:\/\/feroza.hu\/wp-content\/uploads\/2013\/01\/DSCN0564b.jpg","contentUrl":"https:\/\/feroza.hu\/wp-content\/uploads\/2013\/01\/DSCN0564b.jpg"},{"@type":"WebSite","@id":"https:\/\/feroza.hu\/#website","url":"https:\/\/feroza.hu\/","name":"feroza.hu","description":"Daihatsu Feroza - egy kihal\u00f3ban l\u00e9v\u0151 aut\u00f3m\u00e1rka feledhetetlen modelje","potentialAction":[{"@type":"SearchAction","target":{"@type":"EntryPoint","urlTemplate":"https:\/\/feroza.hu\/?s={search_term_string}"},"query-input":{"@type":"PropertyValueSpecification","valueRequired":true,"valueName":"search_term_string"}}],"inLanguage":"hu"}]}},"_links":{"self":[{"href":"https:\/\/feroza.hu\/index.php?rest_route=\/wp\/v2\/pages\/133","targetHints":{"allow":["GET"]}}],"collection":[{"href":"https:\/\/feroza.hu\/index.php?rest_route=\/wp\/v2\/pages"}],"about":[{"href":"https:\/\/feroza.hu\/index.php?rest_route=\/wp\/v2\/types\/page"}],"author":[{"embeddable":true,"href":"https:\/\/feroza.hu\/index.php?rest_route=\/wp\/v2\/users\/1"}],"replies":[{"embeddable":true,"href":"https:\/\/feroza.hu\/index.php?rest_route=%2Fwp%2Fv2%2Fcomments&post=133"}],"version-history":[{"count":7,"href":"https:\/\/feroza.hu\/index.php?rest_route=\/wp\/v2\/pages\/133\/revisions"}],"predecessor-version":[{"id":766,"href":"https:\/\/feroza.hu\/index.php?rest_route=\/wp\/v2\/pages\/133\/revisions\/766"}],"wp:attachment":[{"href":"https:\/\/feroza.hu\/index.php?rest_route=%2Fwp%2Fv2%2Fmedia&parent=133"}],"curies":[{"name":"wp","href":"https:\/\/api.w.org\/{rel}","templated":true}]}}