{"id":140,"date":"2012-09-25T02:11:13","date_gmt":"2012-09-25T00:11:13","guid":{"rendered":"http:\/\/feroza.hu\/feroza_hu\/?page_id=140"},"modified":"2018-09-05T12:15:00","modified_gmt":"2018-09-05T10:15:00","slug":"kippufogo-csuklo","status":"publish","type":"page","link":"https:\/\/feroza.hu\/?page_id=140","title":{"rendered":"Kippufog\u00f3 csukl\u00f3"},"content":{"rendered":"<div><\/div>\n<div id=\"id4\">\n<p>Ez egy hi\u00e1nyp\u00f3tl\u00f3 fejleszt\u00e9s az aut\u00f3n\u00e1l.<br \/>\nA Feroz\u00e1n\u00e1l hirtelen g\u00e1zad\u00e1skor a kipuffog\u00f3 a motorral egy\u00fctt elcsavarodik \u00e9s belever\u00a0\u00a0valahova az alv\u00e1zba,\u00a0vagy a s\u00e1rv\u00e9d\u0151be.<\/p>\n<p>Az eredeti konstrukci\u00f3n\u00e1l erre kicsit kem\u00e9nyebb felf\u00fcggeszt\u0151gumikat alkalmaznak, de ez nem oldja meg a probl\u00e9m\u00e1t.<br \/>\nA megold\u00e1s egy csukl\u00f3, ami a sebess\u00e9gv\u00e1lt\u00f3 ut\u00e1n a kataliz\u00e1tor el\u0151tt (gyakorlatilag a motor \u00e9s a karossz\u00e9ria felf\u00fcggeszt\u00e9sek k\u00f6z\u00f6tt) ker\u00fclt beszerel\u00e9sre.<br \/>\nAmikor a motor megd\u0151l \u00e9s a kippuffog\u00f3t megcsavarja,a g\u00f6bcsukl\u00f3 kell\u0151 flexibilit\u00e1st ad a rendszernek.<\/p>\n<p>Manaps\u00e1g szinte mindenhol van valami hasonl\u00f3 megold\u00e1s. A kisebb teljes\u00edtm\u00e9ny\u0171 aut\u00f3kn\u00e1l (pl. Suzuki) egy f\u00e9msz\u00e1las flexibilis cs\u0151, a\u00a0 nagyobbakn\u00e1l hasonl\u00f3 csukl\u00f3val oldj\u00e1k meg a dolgot. A g\u00f6mbcsukl\u00f3 szer\u0171 kik\u00e9pz\u00e9s k\u00e9t r\u00e9sze k\u00f6z\u00f6tt egy h\u0151\u00e1ll\u00f3 szigetel\u00e9s van. A k\u00e9t r\u00e9szt egy rug\u00f3s fesz\u00edt\u00e9s\u0171 csavar tarja egyben.<\/p>\n<p><a href=\"http:\/\/feroza.hu\/wp-content\/uploads\/2012\/09\/IMG_0818.jpg\"><img loading=\"lazy\" decoding=\"async\" class=\"alignnone wp-image-296 size-full\" src=\"https:\/\/feroza.hu\/wp-content\/uploads\/2012\/09\/IMG_0818.jpg\" alt=\"IMG_0818\" width=\"225\" height=\"300\" \/><\/a><a href=\"http:\/\/feroza.hu\/wp-content\/uploads\/2012\/09\/IMG_0820.jpg\"><img loading=\"lazy\" decoding=\"async\" class=\"alignnone wp-image-297 size-full\" src=\"https:\/\/feroza.hu\/wp-content\/uploads\/2012\/09\/IMG_0820.jpg\" alt=\"IMG_0820\" width=\"300\" height=\"225\" \/><\/a><\/p>\n<\/div>\n","protected":false},"excerpt":{"rendered":"<p>Ez egy hi\u00e1nyp\u00f3tl\u00f3 fejleszt\u00e9s az aut\u00f3n\u00e1l. A Feroz\u00e1n\u00e1l hirtelen g\u00e1zad\u00e1skor a kipuffog\u00f3 a motorral egy\u00fctt elcsavarodik \u00e9s belever\u00a0\u00a0valahova az alv\u00e1zba,\u00a0vagy a s\u00e1rv\u00e9d\u0151be. Az eredeti konstrukci\u00f3n\u00e1l erre kicsit kem\u00e9nyebb felf\u00fcggeszt\u0151gumikat alkalmaznak, de ez nem oldja meg a probl\u00e9m\u00e1t. A megold\u00e1s egy &hellip; <a href=\"https:\/\/feroza.hu\/?page_id=140\">Egy kattint\u00e1s ide a folytat\u00e1shoz&#8230;. <span class=\"meta-nav\">&rarr;<\/span><\/a><\/p>\n","protected":false},"author":1,"featured_media":0,"parent":0,"menu_order":0,"comment_status":"closed","ping_status":"open","template":"","meta":{"footnotes":""},"class_list":["post-140","page","type-page","status-publish","hentry"],"yoast_head":"<!-- This site is optimized with the Yoast SEO plugin v27.4 - https:\/\/yoast.com\/product\/yoast-seo-wordpress\/ -->\n<title>Magyar Feroza domain<\/title>\n<meta name=\"description\" content=\"Daihatsu Feroza aut\u00f3 fel\u00faj\u00edt\u00e1s car t\u00edpus f\u00f3rum\" \/>\n<meta name=\"robots\" content=\"index, follow, max-snippet:-1, max-image-preview:large, max-video-preview:-1\" \/>\n<link rel=\"canonical\" href=\"https:\/\/feroza.hu\/?page_id=140\" \/>\n<meta name=\"twitter:label1\" content=\"Becs\u00fclt olvas\u00e1si id\u0151\" \/>\n\t<meta name=\"twitter:data1\" content=\"1 perc\" \/>\n<script type=\"application\/ld+json\" class=\"yoast-schema-graph\">{\"@context\":\"https:\\\/\\\/schema.org\",\"@graph\":[{\"@type\":\"WebPage\",\"@id\":\"https:\\\/\\\/feroza.hu\\\/?page_id=140\",\"url\":\"https:\\\/\\\/feroza.hu\\\/?page_id=140\",\"name\":\"Magyar Feroza domain\",\"isPartOf\":{\"@id\":\"https:\\\/\\\/feroza.hu\\\/#website\"},\"primaryImageOfPage\":{\"@id\":\"https:\\\/\\\/feroza.hu\\\/?page_id=140#primaryimage\"},\"image\":{\"@id\":\"https:\\\/\\\/feroza.hu\\\/?page_id=140#primaryimage\"},\"thumbnailUrl\":\"https:\\\/\\\/feroza.hu\\\/wp-content\\\/uploads\\\/2012\\\/09\\\/IMG_0818.jpg\",\"datePublished\":\"2012-09-25T00:11:13+00:00\",\"dateModified\":\"2018-09-05T10:15:00+00:00\",\"description\":\"Daihatsu Feroza aut\u00f3 fel\u00faj\u00edt\u00e1s car t\u00edpus f\u00f3rum\",\"inLanguage\":\"hu\",\"potentialAction\":[{\"@type\":\"ReadAction\",\"target\":[\"https:\\\/\\\/feroza.hu\\\/?page_id=140\"]}]},{\"@type\":\"ImageObject\",\"inLanguage\":\"hu\",\"@id\":\"https:\\\/\\\/feroza.hu\\\/?page_id=140#primaryimage\",\"url\":\"https:\\\/\\\/feroza.hu\\\/wp-content\\\/uploads\\\/2012\\\/09\\\/IMG_0818.jpg\",\"contentUrl\":\"https:\\\/\\\/feroza.hu\\\/wp-content\\\/uploads\\\/2012\\\/09\\\/IMG_0818.jpg\"},{\"@type\":\"WebSite\",\"@id\":\"https:\\\/\\\/feroza.hu\\\/#website\",\"url\":\"https:\\\/\\\/feroza.hu\\\/\",\"name\":\"feroza.hu\",\"description\":\"Daihatsu Feroza - egy kihal\u00f3ban l\u00e9v\u0151 aut\u00f3m\u00e1rka feledhetetlen modelje\",\"potentialAction\":[{\"@type\":\"SearchAction\",\"target\":{\"@type\":\"EntryPoint\",\"urlTemplate\":\"https:\\\/\\\/feroza.hu\\\/?s={search_term_string}\"},\"query-input\":{\"@type\":\"PropertyValueSpecification\",\"valueRequired\":true,\"valueName\":\"search_term_string\"}}],\"inLanguage\":\"hu\"}]}<\/script>\n<!-- \/ Yoast SEO plugin. -->","yoast_head_json":{"title":"Magyar Feroza domain","description":"Daihatsu Feroza aut\u00f3 fel\u00faj\u00edt\u00e1s car t\u00edpus f\u00f3rum","robots":{"index":"index","follow":"follow","max-snippet":"max-snippet:-1","max-image-preview":"max-image-preview:large","max-video-preview":"max-video-preview:-1"},"canonical":"https:\/\/feroza.hu\/?page_id=140","twitter_misc":{"Becs\u00fclt olvas\u00e1si id\u0151":"1 perc"},"schema":{"@context":"https:\/\/schema.org","@graph":[{"@type":"WebPage","@id":"https:\/\/feroza.hu\/?page_id=140","url":"https:\/\/feroza.hu\/?page_id=140","name":"Magyar Feroza domain","isPartOf":{"@id":"https:\/\/feroza.hu\/#website"},"primaryImageOfPage":{"@id":"https:\/\/feroza.hu\/?page_id=140#primaryimage"},"image":{"@id":"https:\/\/feroza.hu\/?page_id=140#primaryimage"},"thumbnailUrl":"https:\/\/feroza.hu\/wp-content\/uploads\/2012\/09\/IMG_0818.jpg","datePublished":"2012-09-25T00:11:13+00:00","dateModified":"2018-09-05T10:15:00+00:00","description":"Daihatsu Feroza aut\u00f3 fel\u00faj\u00edt\u00e1s car t\u00edpus f\u00f3rum","inLanguage":"hu","potentialAction":[{"@type":"ReadAction","target":["https:\/\/feroza.hu\/?page_id=140"]}]},{"@type":"ImageObject","inLanguage":"hu","@id":"https:\/\/feroza.hu\/?page_id=140#primaryimage","url":"https:\/\/feroza.hu\/wp-content\/uploads\/2012\/09\/IMG_0818.jpg","contentUrl":"https:\/\/feroza.hu\/wp-content\/uploads\/2012\/09\/IMG_0818.jpg"},{"@type":"WebSite","@id":"https:\/\/feroza.hu\/#website","url":"https:\/\/feroza.hu\/","name":"feroza.hu","description":"Daihatsu Feroza - egy kihal\u00f3ban l\u00e9v\u0151 aut\u00f3m\u00e1rka feledhetetlen modelje","potentialAction":[{"@type":"SearchAction","target":{"@type":"EntryPoint","urlTemplate":"https:\/\/feroza.hu\/?s={search_term_string}"},"query-input":{"@type":"PropertyValueSpecification","valueRequired":true,"valueName":"search_term_string"}}],"inLanguage":"hu"}]}},"_links":{"self":[{"href":"https:\/\/feroza.hu\/index.php?rest_route=\/wp\/v2\/pages\/140","targetHints":{"allow":["GET"]}}],"collection":[{"href":"https:\/\/feroza.hu\/index.php?rest_route=\/wp\/v2\/pages"}],"about":[{"href":"https:\/\/feroza.hu\/index.php?rest_route=\/wp\/v2\/types\/page"}],"author":[{"embeddable":true,"href":"https:\/\/feroza.hu\/index.php?rest_route=\/wp\/v2\/users\/1"}],"replies":[{"embeddable":true,"href":"https:\/\/feroza.hu\/index.php?rest_route=%2Fwp%2Fv2%2Fcomments&post=140"}],"version-history":[{"count":5,"href":"https:\/\/feroza.hu\/index.php?rest_route=\/wp\/v2\/pages\/140\/revisions"}],"predecessor-version":[{"id":763,"href":"https:\/\/feroza.hu\/index.php?rest_route=\/wp\/v2\/pages\/140\/revisions\/763"}],"wp:attachment":[{"href":"https:\/\/feroza.hu\/index.php?rest_route=%2Fwp%2Fv2%2Fmedia&parent=140"}],"curies":[{"name":"wp","href":"https:\/\/api.w.org\/{rel}","templated":true}]}}