{"id":143,"date":"2012-09-25T02:23:26","date_gmt":"2012-09-25T00:23:26","guid":{"rendered":"http:\/\/feroza.hu\/feroza_hu\/?page_id=143"},"modified":"2018-09-05T21:04:04","modified_gmt":"2018-09-05T19:04:04","slug":"kardanvedo-lemez","status":"publish","type":"page","link":"https:\/\/feroza.hu\/?page_id=143","title":{"rendered":"Kard\u00e1nv\u00e9d\u0151 lemez"},"content":{"rendered":"<address>K\u00fcl\u00f6n\u00f6sen terepez\u00e9sn\u00e9l c\u00e9lszer\u0171 m\u00f3dos\u00edt\u00e1s, hogy megv\u00e9dje az aut\u00f3 alj\u00e1t.<\/address>\n<p>Valami\u00e9rt nem szerepel a lemez a rendelhet\u0151 tartoz\u00e9kok k\u00f6z\u00f6tt sem, de az aut\u00f3n eleve kik\u00e9pezt\u00e9k a r\u00f6gz\u00edt\u00e9si helyeket. Ez\u00e9rt felszerel\u00e9se egyszer\u0171 a gy\u00e1rilag kialak\u00edtott helyre.<\/p>\n<p><a href=\"https:\/\/feroza.hu\/wp-content\/uploads\/2012\/09\/shapeimage_11.png\"><img loading=\"lazy\" decoding=\"async\" class=\"aligncenter wp-image-292 size-full\" src=\"https:\/\/feroza.hu\/wp-content\/uploads\/2012\/09\/shapeimage_11.png\" alt=\"shapeimage_11\" width=\"506\" height=\"304\" srcset=\"https:\/\/feroza.hu\/wp-content\/uploads\/2012\/09\/shapeimage_11.png 506w, https:\/\/feroza.hu\/wp-content\/uploads\/2012\/09\/shapeimage_11-300x180.png 300w, https:\/\/feroza.hu\/wp-content\/uploads\/2012\/09\/shapeimage_11-500x300.png 500w\" sizes=\"auto, (max-width: 506px) 100vw, 506px\" \/><\/a><\/p>\n<p>Anyag\u00e1t valamilyen k\u00f6nny\u0171, de kem\u00e9ny pl. alum\u00ednium \u00f6tv\u00f6zetb\u0151l c\u00e9lszer\u0171 v\u00e1lasztani, hogy ne n\u00f6velje az \u00f6ns\u00falyt t\u00fals\u00e1gosan.<br \/>\nL\u00e9tezik egy megold\u00e1s, ami az els\u0151 fut\u00f3m\u0171vet v\u00e9d\u0151 gy\u00e1ri ac\u00e9lbor\u00edt\u00e1st is kiv\u00e1ltja egy meghosszab\u00edtott, a kard\u00e1nt v\u00e9d\u0151 lemezzel. Ezt a le\u00edr\u00e1st \u00fagyan \u00fagy mint ezt a rajzot a warfs.org f\u00f3rum oldalai k\u00f6z\u00f6tt lehet megtal\u00e1lni.<\/p>\n<p><a href=\"http:\/\/feroza.hu\/wp-content\/uploads\/2012\/09\/SkidPlate3.jpg\"><img loading=\"lazy\" decoding=\"async\" class=\"aligncenter wp-image-293 size-full\" src=\"https:\/\/feroza.hu\/wp-content\/uploads\/2012\/09\/SkidPlate3.jpg\" alt=\"SkidPlate3\" width=\"390\" height=\"293\" srcset=\"https:\/\/feroza.hu\/wp-content\/uploads\/2012\/09\/SkidPlate3.jpg 390w, https:\/\/feroza.hu\/wp-content\/uploads\/2012\/09\/SkidPlate3-300x225.jpg 300w\" sizes=\"auto, (max-width: 390px) 100vw, 390px\" \/><\/a> <a href=\"http:\/\/feroza.hu\/wp-content\/uploads\/2012\/09\/SkidPlate1-1.jpg\"><img loading=\"lazy\" decoding=\"async\" class=\"aligncenter wp-image-294 size-full\" src=\"https:\/\/feroza.hu\/wp-content\/uploads\/2012\/09\/SkidPlate1-1.jpg\" alt=\"SkidPlate1-1\" width=\"352\" height=\"264\" srcset=\"https:\/\/feroza.hu\/wp-content\/uploads\/2012\/09\/SkidPlate1-1.jpg 352w, https:\/\/feroza.hu\/wp-content\/uploads\/2012\/09\/SkidPlate1-1-300x225.jpg 300w\" sizes=\"auto, (max-width: 352px) 100vw, 352px\" \/><\/a><\/p>\n<p>&nbsp;<\/p>\n<p>&nbsp;<\/p>\n<p>M\u0171szaki rajz a teljes als\u00f3 v\u00e9d\u0151lemez elk\u00e9sz\u00edt\u00e9s\u00e9hez:<\/p>\n<p><a href=\"http:\/\/feroza.hu\/wp-content\/uploads\/2012\/09\/FerozaMiddleBashPlate.jpg\"><img loading=\"lazy\" decoding=\"async\" class=\"alignleft wp-image-491 size-medium\" src=\"https:\/\/feroza.hu\/wp-content\/uploads\/2012\/09\/FerozaMiddleBashPlate-300x208.jpg\" alt=\"FerozaMiddleBashPlate\" width=\"300\" height=\"208\" srcset=\"https:\/\/feroza.hu\/wp-content\/uploads\/2012\/09\/FerozaMiddleBashPlate-300x208.jpg 300w, https:\/\/feroza.hu\/wp-content\/uploads\/2012\/09\/FerozaMiddleBashPlate-430x300.jpg 430w, https:\/\/feroza.hu\/wp-content\/uploads\/2012\/09\/FerozaMiddleBashPlate.jpg 800w\" sizes=\"auto, (max-width: 300px) 100vw, 300px\" \/><\/a><a href=\"http:\/\/feroza.hu\/wp-content\/uploads\/2012\/09\/FerozaFrontBashPlate.jpg\"><img loading=\"lazy\" decoding=\"async\" class=\"alignleft wp-image-490 size-medium\" src=\"https:\/\/feroza.hu\/wp-content\/uploads\/2012\/09\/FerozaFrontBashPlate-300x208.jpg\" alt=\"FerozaFrontBashPlate\" width=\"300\" height=\"208\" srcset=\"https:\/\/feroza.hu\/wp-content\/uploads\/2012\/09\/FerozaFrontBashPlate-300x208.jpg 300w, https:\/\/feroza.hu\/wp-content\/uploads\/2012\/09\/FerozaFrontBashPlate-430x300.jpg 430w, https:\/\/feroza.hu\/wp-content\/uploads\/2012\/09\/FerozaFrontBashPlate.jpg 800w\" sizes=\"auto, (max-width: 300px) 100vw, 300px\" \/><\/a><a href=\"http:\/\/feroza.hu\/wp-content\/uploads\/2012\/09\/FerozaBashPlateSheetLayout.jpg\"><img loading=\"lazy\" decoding=\"async\" class=\"alignleft wp-image-489 size-medium\" src=\"https:\/\/feroza.hu\/wp-content\/uploads\/2012\/09\/FerozaBashPlateSheetLayout-300x208.jpg\" alt=\"FerozaBashPlateSheetLayout\" width=\"300\" height=\"208\" srcset=\"https:\/\/feroza.hu\/wp-content\/uploads\/2012\/09\/FerozaBashPlateSheetLayout-300x208.jpg 300w, https:\/\/feroza.hu\/wp-content\/uploads\/2012\/09\/FerozaBashPlateSheetLayout-432x300.jpg 432w, https:\/\/feroza.hu\/wp-content\/uploads\/2012\/09\/FerozaBashPlateSheetLayout.jpg 800w\" sizes=\"auto, (max-width: 300px) 100vw, 300px\" \/><\/a><a href=\"http:\/\/feroza.hu\/wp-content\/uploads\/2012\/09\/FerozaBashPlateAssembly.jpg\"><img loading=\"lazy\" decoding=\"async\" class=\"alignleft wp-image-488 size-medium\" src=\"https:\/\/feroza.hu\/wp-content\/uploads\/2012\/09\/FerozaBashPlateAssembly-300x208.jpg\" alt=\"FerozaBashPlateAssembly\" width=\"300\" height=\"208\" srcset=\"https:\/\/feroza.hu\/wp-content\/uploads\/2012\/09\/FerozaBashPlateAssembly-300x208.jpg 300w, https:\/\/feroza.hu\/wp-content\/uploads\/2012\/09\/FerozaBashPlateAssembly-432x300.jpg 432w, https:\/\/feroza.hu\/wp-content\/uploads\/2012\/09\/FerozaBashPlateAssembly.jpg 800w\" sizes=\"auto, (max-width: 300px) 100vw, 300px\" \/><\/a><\/p>\n<p><a href=\"http:\/\/feroza.hu\/wp-content\/uploads\/2012\/09\/FerozaRearBashPlate.jpg\"><img loading=\"lazy\" decoding=\"async\" class=\"alignleft wp-image-492 size-medium\" src=\"https:\/\/feroza.hu\/wp-content\/uploads\/2012\/09\/FerozaRearBashPlate-300x208.jpg\" alt=\"FerozaRearBashPlate\" width=\"300\" height=\"208\" srcset=\"https:\/\/feroza.hu\/wp-content\/uploads\/2012\/09\/FerozaRearBashPlate-300x208.jpg 300w, https:\/\/feroza.hu\/wp-content\/uploads\/2012\/09\/FerozaRearBashPlate-430x300.jpg 430w, https:\/\/feroza.hu\/wp-content\/uploads\/2012\/09\/FerozaRearBashPlate.jpg 800w\" sizes=\"auto, (max-width: 300px) 100vw, 300px\" \/><\/a><\/p>\n","protected":false},"excerpt":{"rendered":"<p>K\u00fcl\u00f6n\u00f6sen terepez\u00e9sn\u00e9l c\u00e9lszer\u0171 m\u00f3dos\u00edt\u00e1s, hogy megv\u00e9dje az aut\u00f3 alj\u00e1t. Valami\u00e9rt nem szerepel a lemez a rendelhet\u0151 tartoz\u00e9kok k\u00f6z\u00f6tt sem, de az aut\u00f3n eleve kik\u00e9pezt\u00e9k a r\u00f6gz\u00edt\u00e9si helyeket. Ez\u00e9rt felszerel\u00e9se egyszer\u0171 a gy\u00e1rilag kialak\u00edtott helyre. Anyag\u00e1t valamilyen k\u00f6nny\u0171, de kem\u00e9ny pl. &hellip; <a href=\"https:\/\/feroza.hu\/?page_id=143\">Egy kattint\u00e1s ide a folytat\u00e1shoz&#8230;. <span class=\"meta-nav\">&rarr;<\/span><\/a><\/p>\n","protected":false},"author":1,"featured_media":0,"parent":0,"menu_order":0,"comment_status":"closed","ping_status":"open","template":"","meta":{"footnotes":""},"class_list":["post-143","page","type-page","status-publish","hentry"],"yoast_head":"<!-- This site is optimized with the Yoast SEO plugin v27.5 - https:\/\/yoast.com\/product\/yoast-seo-wordpress\/ -->\n<title>Magyar Feroza domain<\/title>\n<meta name=\"description\" content=\"Daihatsu Feroza aut\u00f3 fel\u00faj\u00edt\u00e1s car t\u00edpus f\u00f3rum\" \/>\n<meta name=\"robots\" content=\"index, follow, max-snippet:-1, max-image-preview:large, max-video-preview:-1\" \/>\n<link rel=\"canonical\" href=\"https:\/\/feroza.hu\/?page_id=143\" \/>\n<meta name=\"twitter:label1\" content=\"Becs\u00fclt olvas\u00e1si id\u0151\" \/>\n\t<meta name=\"twitter:data1\" content=\"1 perc\" \/>\n<script type=\"application\/ld+json\" class=\"yoast-schema-graph\">{\"@context\":\"https:\\\/\\\/schema.org\",\"@graph\":[{\"@type\":\"WebPage\",\"@id\":\"https:\\\/\\\/feroza.hu\\\/?page_id=143\",\"url\":\"https:\\\/\\\/feroza.hu\\\/?page_id=143\",\"name\":\"Magyar Feroza domain\",\"isPartOf\":{\"@id\":\"https:\\\/\\\/feroza.hu\\\/#website\"},\"primaryImageOfPage\":{\"@id\":\"https:\\\/\\\/feroza.hu\\\/?page_id=143#primaryimage\"},\"image\":{\"@id\":\"https:\\\/\\\/feroza.hu\\\/?page_id=143#primaryimage\"},\"thumbnailUrl\":\"https:\\\/\\\/feroza.hu\\\/wp-content\\\/uploads\\\/2012\\\/09\\\/shapeimage_11.png\",\"datePublished\":\"2012-09-25T00:23:26+00:00\",\"dateModified\":\"2018-09-05T19:04:04+00:00\",\"description\":\"Daihatsu Feroza aut\u00f3 fel\u00faj\u00edt\u00e1s car t\u00edpus f\u00f3rum\",\"inLanguage\":\"hu\",\"potentialAction\":[{\"@type\":\"ReadAction\",\"target\":[\"https:\\\/\\\/feroza.hu\\\/?page_id=143\"]}]},{\"@type\":\"ImageObject\",\"inLanguage\":\"hu\",\"@id\":\"https:\\\/\\\/feroza.hu\\\/?page_id=143#primaryimage\",\"url\":\"https:\\\/\\\/feroza.hu\\\/wp-content\\\/uploads\\\/2012\\\/09\\\/shapeimage_11.png\",\"contentUrl\":\"https:\\\/\\\/feroza.hu\\\/wp-content\\\/uploads\\\/2012\\\/09\\\/shapeimage_11.png\"},{\"@type\":\"WebSite\",\"@id\":\"https:\\\/\\\/feroza.hu\\\/#website\",\"url\":\"https:\\\/\\\/feroza.hu\\\/\",\"name\":\"feroza.hu\",\"description\":\"Daihatsu Feroza - egy kihal\u00f3ban l\u00e9v\u0151 aut\u00f3m\u00e1rka feledhetetlen modelje\",\"potentialAction\":[{\"@type\":\"SearchAction\",\"target\":{\"@type\":\"EntryPoint\",\"urlTemplate\":\"https:\\\/\\\/feroza.hu\\\/?s={search_term_string}\"},\"query-input\":{\"@type\":\"PropertyValueSpecification\",\"valueRequired\":true,\"valueName\":\"search_term_string\"}}],\"inLanguage\":\"hu\"}]}<\/script>\n<!-- \/ Yoast SEO plugin. -->","yoast_head_json":{"title":"Magyar Feroza domain","description":"Daihatsu Feroza aut\u00f3 fel\u00faj\u00edt\u00e1s car t\u00edpus f\u00f3rum","robots":{"index":"index","follow":"follow","max-snippet":"max-snippet:-1","max-image-preview":"max-image-preview:large","max-video-preview":"max-video-preview:-1"},"canonical":"https:\/\/feroza.hu\/?page_id=143","twitter_misc":{"Becs\u00fclt olvas\u00e1si id\u0151":"1 perc"},"schema":{"@context":"https:\/\/schema.org","@graph":[{"@type":"WebPage","@id":"https:\/\/feroza.hu\/?page_id=143","url":"https:\/\/feroza.hu\/?page_id=143","name":"Magyar Feroza domain","isPartOf":{"@id":"https:\/\/feroza.hu\/#website"},"primaryImageOfPage":{"@id":"https:\/\/feroza.hu\/?page_id=143#primaryimage"},"image":{"@id":"https:\/\/feroza.hu\/?page_id=143#primaryimage"},"thumbnailUrl":"https:\/\/feroza.hu\/wp-content\/uploads\/2012\/09\/shapeimage_11.png","datePublished":"2012-09-25T00:23:26+00:00","dateModified":"2018-09-05T19:04:04+00:00","description":"Daihatsu Feroza aut\u00f3 fel\u00faj\u00edt\u00e1s car t\u00edpus f\u00f3rum","inLanguage":"hu","potentialAction":[{"@type":"ReadAction","target":["https:\/\/feroza.hu\/?page_id=143"]}]},{"@type":"ImageObject","inLanguage":"hu","@id":"https:\/\/feroza.hu\/?page_id=143#primaryimage","url":"https:\/\/feroza.hu\/wp-content\/uploads\/2012\/09\/shapeimage_11.png","contentUrl":"https:\/\/feroza.hu\/wp-content\/uploads\/2012\/09\/shapeimage_11.png"},{"@type":"WebSite","@id":"https:\/\/feroza.hu\/#website","url":"https:\/\/feroza.hu\/","name":"feroza.hu","description":"Daihatsu Feroza - egy kihal\u00f3ban l\u00e9v\u0151 aut\u00f3m\u00e1rka feledhetetlen modelje","potentialAction":[{"@type":"SearchAction","target":{"@type":"EntryPoint","urlTemplate":"https:\/\/feroza.hu\/?s={search_term_string}"},"query-input":{"@type":"PropertyValueSpecification","valueRequired":true,"valueName":"search_term_string"}}],"inLanguage":"hu"}]}},"_links":{"self":[{"href":"https:\/\/feroza.hu\/index.php?rest_route=\/wp\/v2\/pages\/143","targetHints":{"allow":["GET"]}}],"collection":[{"href":"https:\/\/feroza.hu\/index.php?rest_route=\/wp\/v2\/pages"}],"about":[{"href":"https:\/\/feroza.hu\/index.php?rest_route=\/wp\/v2\/types\/page"}],"author":[{"embeddable":true,"href":"https:\/\/feroza.hu\/index.php?rest_route=\/wp\/v2\/users\/1"}],"replies":[{"embeddable":true,"href":"https:\/\/feroza.hu\/index.php?rest_route=%2Fwp%2Fv2%2Fcomments&post=143"}],"version-history":[{"count":8,"href":"https:\/\/feroza.hu\/index.php?rest_route=\/wp\/v2\/pages\/143\/revisions"}],"predecessor-version":[{"id":768,"href":"https:\/\/feroza.hu\/index.php?rest_route=\/wp\/v2\/pages\/143\/revisions\/768"}],"wp:attachment":[{"href":"https:\/\/feroza.hu\/index.php?rest_route=%2Fwp%2Fv2%2Fmedia&parent=143"}],"curies":[{"name":"wp","href":"https:\/\/api.w.org\/{rel}","templated":true}]}}