{"id":53,"date":"2012-08-16T03:01:14","date_gmt":"2012-08-16T01:01:14","guid":{"rendered":"http:\/\/feroza.hu\/feroza_hu\/?page_id=53"},"modified":"2018-09-06T23:49:40","modified_gmt":"2018-09-06T21:49:40","slug":"hutventilator","status":"publish","type":"page","link":"https:\/\/feroza.hu\/?page_id=53","title":{"rendered":"H\u0171t\u0151ventil\u00e1tor"},"content":{"rendered":"<p>Amikor t\u00f6nkrement az aut\u00f3m viszk\u00f3s h\u0171t\u0151ventil\u00e1tora, a szerel\u0151m javaslat\u00e1ra egy elektromos verzi\u00f3ra t\u00e9rtem \u00e1t. Ez a t\u00f6rt\u00e9net m\u00e9g valahol a 2000-es \u00e9vek elej\u00e9n t\u00f6rt\u00e9nt. Anno egy \u00faj ventill\u00e1tor k\u00f6zel 80-1000 Forintba ker\u00fclt volna (lehet ma sem olcs\u00f3bb).<\/p>\n<p><a href=\"http:\/\/feroza.hu\/wp-content\/uploads\/2012\/08\/shapeimage_8.png\"><img loading=\"lazy\" decoding=\"async\" class=\"alignleft wp-image-54 size-full\" src=\"https:\/\/feroza.hu\/wp-content\/uploads\/2012\/08\/shapeimage_8.png\" alt=\"shapeimage_8\" width=\"339\" height=\"249\" srcset=\"https:\/\/feroza.hu\/wp-content\/uploads\/2012\/08\/shapeimage_8.png 339w, https:\/\/feroza.hu\/wp-content\/uploads\/2012\/08\/shapeimage_8-300x220.png 300w\" sizes=\"auto, (max-width: 339px) 100vw, 339px\" \/><\/a><\/p>\n<p>&nbsp;<\/p>\n<p>&nbsp;<\/p>\n<p>&nbsp;<\/p>\n<p>&nbsp;<\/p>\n<p>&nbsp;<\/p>\n<p>Az eredeti h\u0171t\u0151 a ventil\u00e1tor kerettel<\/p>\n<p>Az \u00e1talak\u00edt\u00e1s a h\u0171t\u0151 als\u00f3 r\u00e9sz\u00e9nek megf\u00far\u00e1s\u00e1val kezd\u0151d\u00f6tt. Ide ker\u00fclt az olcs\u00f3 Lada h\u0151gomba, majd az els\u0151 nekifut\u00e1sra megtal\u00e1lt Merc\u00e9desz l\u00e9gkondicion\u00e1l\u00f3 h\u0171t\u0151ventil\u00e1tor.<\/p>\n<p>Sajnos a h\u0171t \u00e9s a motor k\u00f6z\u00f6tt csak nagyon kev\u00e9s hely \u00e1ll rendelkez\u00e9sre a motort is mag\u00e1ban foglal\u00f3 ventil\u00e1tornak.<br \/>\nEgy k\u00e9t h\u00f3nap m\u00falva a nagy l\u00e9gkondi-ventil\u00e1tor helikopterszer\u0171 hanggal elpusztult \u00e9s egy bont\u00f3b\u00f3l siker\u00fclt egy Nissan Micra h\u0171t\u0151ventil\u00e1tort beszerelni. Ez j\u00f3val kisebb \u00e9s halkabb volt az el\u0151z\u0151n\u00e9l.<\/p>\n<p><a href=\"http:\/\/feroza.hu\/wp-content\/uploads\/2012\/08\/shapeimage_10.png\"><img loading=\"lazy\" decoding=\"async\" class=\"alignleft wp-image-55 size-full\" src=\"https:\/\/feroza.hu\/wp-content\/uploads\/2012\/08\/shapeimage_10.png\" alt=\"shapeimage_10\" width=\"352\" height=\"279\" srcset=\"https:\/\/feroza.hu\/wp-content\/uploads\/2012\/08\/shapeimage_10.png 352w, https:\/\/feroza.hu\/wp-content\/uploads\/2012\/08\/shapeimage_10-300x237.png 300w\" sizes=\"auto, (max-width: 352px) 100vw, 352px\" \/><\/a><\/p>\n<p>&nbsp;<\/p>\n<p>&nbsp;<\/p>\n<p>&nbsp;<\/p>\n<p>&nbsp;<\/p>\n<p>&nbsp;<\/p>\n<p>Az \u00e1talak\u00edtott h\u0171t\u0151 az elektromos ventil\u00e1torral.<\/p>\n<p>Az eredeti h\u0171t\u0151re a ventil\u00e1tor egyik oldala egyszer\u0171en r\u00f6gz\u00edthet\u0151.<br \/>\nA m\u00e1sik oldalon egy kis kieg\u00e9sz\u00edt\u0151t kellet alkalmazni a r\u00f6gz\u00edt\u00e9shez.<br \/>\nA Hilti szalag a hirtelen gyors\u00edt\u00e1sok miatti kileng\u00e9seket hivatott megf\u00e9kezni. Mivel a f\u00e9ltengely \u00e9ksz\u00edjkerek\u00e9n l\u00e9v\u0151 csavarok \u00a0vesz\u00e9lyes k\u00f6zels\u00e9gben vannak a motor h\u00e1toldal\u00e1n l\u00e9v\u0151 sz\u00e9nkef\u00e9khez. Bal oldalt alul l\u00e1tni a h\u0171t\u0151be forrasztott menetbe csavart h\u0151gomb\u00e1t. Az elektromos k\u00e1belek egy biztos\u00edt\u00e9k k\u00f6zbeiktat\u00e1s\u00e1val k\u00f6zvetlen\u00fcl az akkur\u00f3l lettek elvezetve, ami a h\u0151gomba jel\u00e9re egy rel\u00e9n kereszt\u0171l kapcsolja a ventil\u00e1tort.<\/p>\n<p>Az utast\u00e9rben egy kis visszajelz\u0151s kapcsol\u00f3t raktam. Ezzel kontroll\u00e1lhat\u00f3 a ventil\u00e1tor m\u0171k\u00f6d\u00e9se \u00e9s bekapcsolva kis plusz h\u0171t\u00e9st adhatunk a motornak (pl. ny\u00e1ron dug\u00f3ban).<\/p>\n","protected":false},"excerpt":{"rendered":"<p>Amikor t\u00f6nkrement az aut\u00f3m viszk\u00f3s h\u0171t\u0151ventil\u00e1tora, a szerel\u0151m javaslat\u00e1ra egy elektromos verzi\u00f3ra t\u00e9rtem \u00e1t. Ez a t\u00f6rt\u00e9net m\u00e9g valahol a 2000-es \u00e9vek elej\u00e9n t\u00f6rt\u00e9nt. Anno egy \u00faj ventill\u00e1tor k\u00f6zel 80-1000 Forintba ker\u00fclt volna (lehet ma sem olcs\u00f3bb). &nbsp; &nbsp; &nbsp; &hellip; <a href=\"https:\/\/feroza.hu\/?page_id=53\">Egy kattint\u00e1s ide a folytat\u00e1shoz&#8230;. <span class=\"meta-nav\">&rarr;<\/span><\/a><\/p>\n","protected":false},"author":1,"featured_media":0,"parent":46,"menu_order":1,"comment_status":"open","ping_status":"closed","template":"","meta":{"footnotes":""},"class_list":["post-53","page","type-page","status-publish","hentry"],"yoast_head":"<!-- This site is optimized with the Yoast SEO plugin v27.4 - https:\/\/yoast.com\/product\/yoast-seo-wordpress\/ -->\n<title>Magyar Feroza domain<\/title>\n<meta name=\"description\" content=\"Daihatsu Feroza aut\u00f3 fel\u00faj\u00edt\u00e1s car t\u00edpus f\u00f3rum\" \/>\n<meta name=\"robots\" content=\"index, follow, max-snippet:-1, max-image-preview:large, max-video-preview:-1\" \/>\n<link rel=\"canonical\" href=\"https:\/\/feroza.hu\/?page_id=53\" \/>\n<meta name=\"twitter:label1\" content=\"Becs\u00fclt olvas\u00e1si id\u0151\" \/>\n\t<meta name=\"twitter:data1\" content=\"2 perc\" \/>\n<script type=\"application\/ld+json\" class=\"yoast-schema-graph\">{\"@context\":\"https:\\\/\\\/schema.org\",\"@graph\":[{\"@type\":\"WebPage\",\"@id\":\"https:\\\/\\\/feroza.hu\\\/?page_id=53\",\"url\":\"https:\\\/\\\/feroza.hu\\\/?page_id=53\",\"name\":\"Magyar Feroza domain\",\"isPartOf\":{\"@id\":\"https:\\\/\\\/feroza.hu\\\/#website\"},\"primaryImageOfPage\":{\"@id\":\"https:\\\/\\\/feroza.hu\\\/?page_id=53#primaryimage\"},\"image\":{\"@id\":\"https:\\\/\\\/feroza.hu\\\/?page_id=53#primaryimage\"},\"thumbnailUrl\":\"https:\\\/\\\/feroza.hu\\\/wp-content\\\/uploads\\\/2012\\\/08\\\/shapeimage_8.png\",\"datePublished\":\"2012-08-16T01:01:14+00:00\",\"dateModified\":\"2018-09-06T21:49:40+00:00\",\"description\":\"Daihatsu Feroza aut\u00f3 fel\u00faj\u00edt\u00e1s car t\u00edpus f\u00f3rum\",\"breadcrumb\":{\"@id\":\"https:\\\/\\\/feroza.hu\\\/?page_id=53#breadcrumb\"},\"inLanguage\":\"hu\",\"potentialAction\":[{\"@type\":\"ReadAction\",\"target\":[\"https:\\\/\\\/feroza.hu\\\/?page_id=53\"]}]},{\"@type\":\"ImageObject\",\"inLanguage\":\"hu\",\"@id\":\"https:\\\/\\\/feroza.hu\\\/?page_id=53#primaryimage\",\"url\":\"https:\\\/\\\/feroza.hu\\\/wp-content\\\/uploads\\\/2012\\\/08\\\/shapeimage_8.png\",\"contentUrl\":\"https:\\\/\\\/feroza.hu\\\/wp-content\\\/uploads\\\/2012\\\/08\\\/shapeimage_8.png\"},{\"@type\":\"BreadcrumbList\",\"@id\":\"https:\\\/\\\/feroza.hu\\\/?page_id=53#breadcrumb\",\"itemListElement\":[{\"@type\":\"ListItem\",\"position\":1,\"name\":\"Le\u00edr\u00e1sok\",\"item\":\"https:\\\/\\\/feroza.hu\\\/?page_id=46\"},{\"@type\":\"ListItem\",\"position\":2,\"name\":\"H\u0171t\u0151ventil\u00e1tor\"}]},{\"@type\":\"WebSite\",\"@id\":\"https:\\\/\\\/feroza.hu\\\/#website\",\"url\":\"https:\\\/\\\/feroza.hu\\\/\",\"name\":\"feroza.hu\",\"description\":\"Daihatsu Feroza - egy kihal\u00f3ban l\u00e9v\u0151 aut\u00f3m\u00e1rka feledhetetlen modelje\",\"potentialAction\":[{\"@type\":\"SearchAction\",\"target\":{\"@type\":\"EntryPoint\",\"urlTemplate\":\"https:\\\/\\\/feroza.hu\\\/?s={search_term_string}\"},\"query-input\":{\"@type\":\"PropertyValueSpecification\",\"valueRequired\":true,\"valueName\":\"search_term_string\"}}],\"inLanguage\":\"hu\"}]}<\/script>\n<!-- \/ Yoast SEO plugin. -->","yoast_head_json":{"title":"Magyar Feroza domain","description":"Daihatsu Feroza aut\u00f3 fel\u00faj\u00edt\u00e1s car t\u00edpus f\u00f3rum","robots":{"index":"index","follow":"follow","max-snippet":"max-snippet:-1","max-image-preview":"max-image-preview:large","max-video-preview":"max-video-preview:-1"},"canonical":"https:\/\/feroza.hu\/?page_id=53","twitter_misc":{"Becs\u00fclt olvas\u00e1si id\u0151":"2 perc"},"schema":{"@context":"https:\/\/schema.org","@graph":[{"@type":"WebPage","@id":"https:\/\/feroza.hu\/?page_id=53","url":"https:\/\/feroza.hu\/?page_id=53","name":"Magyar Feroza domain","isPartOf":{"@id":"https:\/\/feroza.hu\/#website"},"primaryImageOfPage":{"@id":"https:\/\/feroza.hu\/?page_id=53#primaryimage"},"image":{"@id":"https:\/\/feroza.hu\/?page_id=53#primaryimage"},"thumbnailUrl":"https:\/\/feroza.hu\/wp-content\/uploads\/2012\/08\/shapeimage_8.png","datePublished":"2012-08-16T01:01:14+00:00","dateModified":"2018-09-06T21:49:40+00:00","description":"Daihatsu Feroza aut\u00f3 fel\u00faj\u00edt\u00e1s car t\u00edpus f\u00f3rum","breadcrumb":{"@id":"https:\/\/feroza.hu\/?page_id=53#breadcrumb"},"inLanguage":"hu","potentialAction":[{"@type":"ReadAction","target":["https:\/\/feroza.hu\/?page_id=53"]}]},{"@type":"ImageObject","inLanguage":"hu","@id":"https:\/\/feroza.hu\/?page_id=53#primaryimage","url":"https:\/\/feroza.hu\/wp-content\/uploads\/2012\/08\/shapeimage_8.png","contentUrl":"https:\/\/feroza.hu\/wp-content\/uploads\/2012\/08\/shapeimage_8.png"},{"@type":"BreadcrumbList","@id":"https:\/\/feroza.hu\/?page_id=53#breadcrumb","itemListElement":[{"@type":"ListItem","position":1,"name":"Le\u00edr\u00e1sok","item":"https:\/\/feroza.hu\/?page_id=46"},{"@type":"ListItem","position":2,"name":"H\u0171t\u0151ventil\u00e1tor"}]},{"@type":"WebSite","@id":"https:\/\/feroza.hu\/#website","url":"https:\/\/feroza.hu\/","name":"feroza.hu","description":"Daihatsu Feroza - egy kihal\u00f3ban l\u00e9v\u0151 aut\u00f3m\u00e1rka feledhetetlen modelje","potentialAction":[{"@type":"SearchAction","target":{"@type":"EntryPoint","urlTemplate":"https:\/\/feroza.hu\/?s={search_term_string}"},"query-input":{"@type":"PropertyValueSpecification","valueRequired":true,"valueName":"search_term_string"}}],"inLanguage":"hu"}]}},"_links":{"self":[{"href":"https:\/\/feroza.hu\/index.php?rest_route=\/wp\/v2\/pages\/53","targetHints":{"allow":["GET"]}}],"collection":[{"href":"https:\/\/feroza.hu\/index.php?rest_route=\/wp\/v2\/pages"}],"about":[{"href":"https:\/\/feroza.hu\/index.php?rest_route=\/wp\/v2\/types\/page"}],"author":[{"embeddable":true,"href":"https:\/\/feroza.hu\/index.php?rest_route=\/wp\/v2\/users\/1"}],"replies":[{"embeddable":true,"href":"https:\/\/feroza.hu\/index.php?rest_route=%2Fwp%2Fv2%2Fcomments&post=53"}],"version-history":[{"count":15,"href":"https:\/\/feroza.hu\/index.php?rest_route=\/wp\/v2\/pages\/53\/revisions"}],"predecessor-version":[{"id":770,"href":"https:\/\/feroza.hu\/index.php?rest_route=\/wp\/v2\/pages\/53\/revisions\/770"}],"up":[{"embeddable":true,"href":"https:\/\/feroza.hu\/index.php?rest_route=\/wp\/v2\/pages\/46"}],"wp:attachment":[{"href":"https:\/\/feroza.hu\/index.php?rest_route=%2Fwp%2Fv2%2Fmedia&parent=53"}],"curies":[{"name":"wp","href":"https:\/\/api.w.org\/{rel}","templated":true}]}}