{"id":673,"date":"2016-09-18T16:18:13","date_gmt":"2016-09-18T14:18:13","guid":{"rendered":"http:\/\/feroza.hu\/?page_id=673"},"modified":"2018-10-17T02:49:19","modified_gmt":"2018-10-17T00:49:19","slug":"szenzorok-terkepe-az-auton","status":"publish","type":"page","link":"https:\/\/feroza.hu\/?page_id=673","title":{"rendered":"Szenzorok t\u00e9rk\u00e9pe az aut\u00f3n"},"content":{"rendered":"<p>Sokszor felmer\u00fclt az \u00faj aut\u00f3tulajdonos k\u00f6r\u00e9ben, hogy hol mit tal\u00e1lnak a motort\u00e9rben.<br \/>\nAz al\u00e1bbi \u00e1br\u00e1n a k\u00fcl\u00f6nb\u00f6z\u0151 \u00e9rz\u00e9kel\u0151k \u00e9s jelad\u00f3k elhelyez\u00e9se l\u00e1that\u00f3.<\/p>\n<p><a href=\"http:\/\/feroza.hu\/wp-content\/uploads\/2016\/09\/F300-szenzorok.jpg\"><img loading=\"lazy\" decoding=\"async\" class=\"alignleft wp-image-674 size-medium\" src=\"https:\/\/feroza.hu\/wp-content\/uploads\/2016\/09\/F300-szenzorok-237x300.jpg\" alt=\"f300-szenzorok\" width=\"237\" height=\"300\" srcset=\"https:\/\/feroza.hu\/wp-content\/uploads\/2016\/09\/F300-szenzorok-237x300.jpg 237w, https:\/\/feroza.hu\/wp-content\/uploads\/2016\/09\/F300-szenzorok-768x972.jpg 768w, https:\/\/feroza.hu\/wp-content\/uploads\/2016\/09\/F300-szenzorok.jpg 784w\" sizes=\"auto, (max-width: 237px) 100vw, 237px\" \/><\/a><\/p>\n<p>&nbsp;<\/p>\n<p>&nbsp;<\/p>\n<p>&nbsp;<\/p>\n<p>&nbsp;<\/p>\n<p>&nbsp;<\/p>\n<p>&nbsp;<\/p>\n<p>&nbsp;<\/p>\n<p>&nbsp;<\/p>\n<p>Sokszor el\u0151fordul\u00f3 probl\u00e9ma, hogy a pillang\u00f3szelep h\u00e1z\u00e1t \u00e9s a szenzorokat hogyan k\u00f6tik \u00f6ssze a v\u00e1kuumcs\u00f6vek. Az al\u00e1bbi \u00e1br\u00e1n a bek\u00f6t\u00e9s j\u00f3l l\u00e1that\u00f3:<\/p>\n<p><a href=\"https:\/\/feroza.hu\/wp-content\/uploads\/2018\/10\/1.jpg\"><img loading=\"lazy\" decoding=\"async\" class=\"alignleft size-medium wp-image-781\" src=\"https:\/\/feroza.hu\/wp-content\/uploads\/2018\/10\/1-300x169.jpg\" alt=\"\" width=\"300\" height=\"169\" srcset=\"https:\/\/feroza.hu\/wp-content\/uploads\/2018\/10\/1-300x169.jpg 300w, https:\/\/feroza.hu\/wp-content\/uploads\/2018\/10\/1-768x432.jpg 768w, https:\/\/feroza.hu\/wp-content\/uploads\/2018\/10\/1-500x281.jpg 500w, https:\/\/feroza.hu\/wp-content\/uploads\/2018\/10\/1.jpg 960w\" sizes=\"auto, (max-width: 300px) 100vw, 300px\" \/><\/a><\/p>\n<p>&nbsp;<\/p>\n","protected":false},"excerpt":{"rendered":"<p>Sokszor felmer\u00fclt az \u00faj aut\u00f3tulajdonos k\u00f6r\u00e9ben, hogy hol mit tal\u00e1lnak a motort\u00e9rben. Az al\u00e1bbi \u00e1br\u00e1n a k\u00fcl\u00f6nb\u00f6z\u0151 \u00e9rz\u00e9kel\u0151k \u00e9s jelad\u00f3k elhelyez\u00e9se l\u00e1that\u00f3. &nbsp; &nbsp; &nbsp; &nbsp; &nbsp; &nbsp; &nbsp; &nbsp; Sokszor el\u0151fordul\u00f3 probl\u00e9ma, hogy a pillang\u00f3szelep h\u00e1z\u00e1t \u00e9s a szenzorokat &hellip; <a href=\"https:\/\/feroza.hu\/?page_id=673\">Egy kattint\u00e1s ide a folytat\u00e1shoz&#8230;. <span class=\"meta-nav\">&rarr;<\/span><\/a><\/p>\n","protected":false},"author":1,"featured_media":0,"parent":46,"menu_order":0,"comment_status":"closed","ping_status":"closed","template":"","meta":{"footnotes":""},"class_list":["post-673","page","type-page","status-publish","hentry"],"yoast_head":"<!-- This site is optimized with the Yoast SEO plugin v27.5 - https:\/\/yoast.com\/product\/yoast-seo-wordpress\/ -->\n<title>Magyar Feroza domain<\/title>\n<meta name=\"description\" content=\"Daihatsu Feroza aut\u00f3 fel\u00faj\u00edt\u00e1s car t\u00edpus f\u00f3rum\" \/>\n<meta name=\"robots\" content=\"index, follow, max-snippet:-1, max-image-preview:large, max-video-preview:-1\" \/>\n<link rel=\"canonical\" href=\"https:\/\/feroza.hu\/?page_id=673\" \/>\n<script type=\"application\/ld+json\" class=\"yoast-schema-graph\">{\"@context\":\"https:\\\/\\\/schema.org\",\"@graph\":[{\"@type\":\"WebPage\",\"@id\":\"https:\\\/\\\/feroza.hu\\\/?page_id=673\",\"url\":\"https:\\\/\\\/feroza.hu\\\/?page_id=673\",\"name\":\"Magyar Feroza domain\",\"isPartOf\":{\"@id\":\"https:\\\/\\\/feroza.hu\\\/#website\"},\"primaryImageOfPage\":{\"@id\":\"https:\\\/\\\/feroza.hu\\\/?page_id=673#primaryimage\"},\"image\":{\"@id\":\"https:\\\/\\\/feroza.hu\\\/?page_id=673#primaryimage\"},\"thumbnailUrl\":\"https:\\\/\\\/feroza.hu\\\/wp-content\\\/uploads\\\/2016\\\/09\\\/F300-szenzorok-237x300.jpg\",\"datePublished\":\"2016-09-18T14:18:13+00:00\",\"dateModified\":\"2018-10-17T00:49:19+00:00\",\"description\":\"Daihatsu Feroza aut\u00f3 fel\u00faj\u00edt\u00e1s car t\u00edpus f\u00f3rum\",\"breadcrumb\":{\"@id\":\"https:\\\/\\\/feroza.hu\\\/?page_id=673#breadcrumb\"},\"inLanguage\":\"hu\",\"potentialAction\":[{\"@type\":\"ReadAction\",\"target\":[\"https:\\\/\\\/feroza.hu\\\/?page_id=673\"]}]},{\"@type\":\"ImageObject\",\"inLanguage\":\"hu\",\"@id\":\"https:\\\/\\\/feroza.hu\\\/?page_id=673#primaryimage\",\"url\":\"https:\\\/\\\/feroza.hu\\\/wp-content\\\/uploads\\\/2016\\\/09\\\/F300-szenzorok-237x300.jpg\",\"contentUrl\":\"https:\\\/\\\/feroza.hu\\\/wp-content\\\/uploads\\\/2016\\\/09\\\/F300-szenzorok-237x300.jpg\"},{\"@type\":\"BreadcrumbList\",\"@id\":\"https:\\\/\\\/feroza.hu\\\/?page_id=673#breadcrumb\",\"itemListElement\":[{\"@type\":\"ListItem\",\"position\":1,\"name\":\"Le\u00edr\u00e1sok\",\"item\":\"https:\\\/\\\/feroza.hu\\\/?page_id=46\"},{\"@type\":\"ListItem\",\"position\":2,\"name\":\"Szenzorok t\u00e9rk\u00e9pe az aut\u00f3n\"}]},{\"@type\":\"WebSite\",\"@id\":\"https:\\\/\\\/feroza.hu\\\/#website\",\"url\":\"https:\\\/\\\/feroza.hu\\\/\",\"name\":\"feroza.hu\",\"description\":\"Daihatsu Feroza - egy kihal\u00f3ban l\u00e9v\u0151 aut\u00f3m\u00e1rka feledhetetlen modelje\",\"potentialAction\":[{\"@type\":\"SearchAction\",\"target\":{\"@type\":\"EntryPoint\",\"urlTemplate\":\"https:\\\/\\\/feroza.hu\\\/?s={search_term_string}\"},\"query-input\":{\"@type\":\"PropertyValueSpecification\",\"valueRequired\":true,\"valueName\":\"search_term_string\"}}],\"inLanguage\":\"hu\"}]}<\/script>\n<!-- \/ Yoast SEO plugin. -->","yoast_head_json":{"title":"Magyar Feroza domain","description":"Daihatsu Feroza aut\u00f3 fel\u00faj\u00edt\u00e1s car t\u00edpus f\u00f3rum","robots":{"index":"index","follow":"follow","max-snippet":"max-snippet:-1","max-image-preview":"max-image-preview:large","max-video-preview":"max-video-preview:-1"},"canonical":"https:\/\/feroza.hu\/?page_id=673","schema":{"@context":"https:\/\/schema.org","@graph":[{"@type":"WebPage","@id":"https:\/\/feroza.hu\/?page_id=673","url":"https:\/\/feroza.hu\/?page_id=673","name":"Magyar Feroza domain","isPartOf":{"@id":"https:\/\/feroza.hu\/#website"},"primaryImageOfPage":{"@id":"https:\/\/feroza.hu\/?page_id=673#primaryimage"},"image":{"@id":"https:\/\/feroza.hu\/?page_id=673#primaryimage"},"thumbnailUrl":"https:\/\/feroza.hu\/wp-content\/uploads\/2016\/09\/F300-szenzorok-237x300.jpg","datePublished":"2016-09-18T14:18:13+00:00","dateModified":"2018-10-17T00:49:19+00:00","description":"Daihatsu Feroza aut\u00f3 fel\u00faj\u00edt\u00e1s car t\u00edpus f\u00f3rum","breadcrumb":{"@id":"https:\/\/feroza.hu\/?page_id=673#breadcrumb"},"inLanguage":"hu","potentialAction":[{"@type":"ReadAction","target":["https:\/\/feroza.hu\/?page_id=673"]}]},{"@type":"ImageObject","inLanguage":"hu","@id":"https:\/\/feroza.hu\/?page_id=673#primaryimage","url":"https:\/\/feroza.hu\/wp-content\/uploads\/2016\/09\/F300-szenzorok-237x300.jpg","contentUrl":"https:\/\/feroza.hu\/wp-content\/uploads\/2016\/09\/F300-szenzorok-237x300.jpg"},{"@type":"BreadcrumbList","@id":"https:\/\/feroza.hu\/?page_id=673#breadcrumb","itemListElement":[{"@type":"ListItem","position":1,"name":"Le\u00edr\u00e1sok","item":"https:\/\/feroza.hu\/?page_id=46"},{"@type":"ListItem","position":2,"name":"Szenzorok t\u00e9rk\u00e9pe az aut\u00f3n"}]},{"@type":"WebSite","@id":"https:\/\/feroza.hu\/#website","url":"https:\/\/feroza.hu\/","name":"feroza.hu","description":"Daihatsu Feroza - egy kihal\u00f3ban l\u00e9v\u0151 aut\u00f3m\u00e1rka feledhetetlen modelje","potentialAction":[{"@type":"SearchAction","target":{"@type":"EntryPoint","urlTemplate":"https:\/\/feroza.hu\/?s={search_term_string}"},"query-input":{"@type":"PropertyValueSpecification","valueRequired":true,"valueName":"search_term_string"}}],"inLanguage":"hu"}]}},"_links":{"self":[{"href":"https:\/\/feroza.hu\/index.php?rest_route=\/wp\/v2\/pages\/673","targetHints":{"allow":["GET"]}}],"collection":[{"href":"https:\/\/feroza.hu\/index.php?rest_route=\/wp\/v2\/pages"}],"about":[{"href":"https:\/\/feroza.hu\/index.php?rest_route=\/wp\/v2\/types\/page"}],"author":[{"embeddable":true,"href":"https:\/\/feroza.hu\/index.php?rest_route=\/wp\/v2\/users\/1"}],"replies":[{"embeddable":true,"href":"https:\/\/feroza.hu\/index.php?rest_route=%2Fwp%2Fv2%2Fcomments&post=673"}],"version-history":[{"count":3,"href":"https:\/\/feroza.hu\/index.php?rest_route=\/wp\/v2\/pages\/673\/revisions"}],"predecessor-version":[{"id":782,"href":"https:\/\/feroza.hu\/index.php?rest_route=\/wp\/v2\/pages\/673\/revisions\/782"}],"up":[{"embeddable":true,"href":"https:\/\/feroza.hu\/index.php?rest_route=\/wp\/v2\/pages\/46"}],"wp:attachment":[{"href":"https:\/\/feroza.hu\/index.php?rest_route=%2Fwp%2Fv2%2Fmedia&parent=673"}],"curies":[{"name":"wp","href":"https:\/\/api.w.org\/{rel}","templated":true}]}}